{"id":4466,"date":"2026-02-19T14:23:14","date_gmt":"2026-02-19T13:23:14","guid":{"rendered":"https:\/\/omfb.dexanet.biz\/infos-legales-et-copyright\/"},"modified":"2026-03-02T16:20:56","modified_gmt":"2026-03-02T15:20:56","slug":"infos-legales-et-copyright","status":"publish","type":"page","link":"https:\/\/www.omfb.com\/fr\/infos-legales-et-copyright\/","title":{"rendered":"Infos l\u00e9gales et copyright"},"content":{"rendered":"\t\t<div data-elementor-type=\"wp-page\" data-elementor-id=\"4466\" class=\"elementor elementor-4466 elementor-3355\" data-elementor-post-type=\"page\">\n\t\t\t\t<div class=\"elementor-element elementor-element-7c47c81d section-page-title e-flex e-con-boxed e-con e-child\" data-id=\"7c47c81d\" data-element_type=\"container\" data-e-type=\"container\">\n\t\t\t\t\t<div class=\"e-con-inner\">\n\t\t\t\t<div class=\"elementor-element elementor-element-593f49ed elementor-invisible elementor-widget elementor-widget-breadcrumbs\" data-id=\"593f49ed\" data-element_type=\"widget\" data-e-type=\"widget\" data-settings=\"{&quot;_animation&quot;:&quot;fadeInUp&quot;}\" data-widget_type=\"breadcrumbs.default\">\n\t\t\t\t\t<p id=\"breadcrumbs\"><span><span><a href=\"https:\/\/www.omfb.com\/fr\/home\/\">Home<\/a><\/span><\/span><\/p>\t\t\t\t<\/div>\n\t\t\t\t<div class=\"elementor-element elementor-element-6068b53c elementor-invisible elementor-widget elementor-widget-heading\" data-id=\"6068b53c\" data-element_type=\"widget\" data-e-type=\"widget\" data-settings=\"{&quot;_animation&quot;:&quot;fadeInUp&quot;}\" data-widget_type=\"heading.default\">\n\t\t\t\t\t<h1 class=\"elementor-heading-title elementor-size-default\">Infos l\u00e9gales et copyright<\/h1>\t\t\t\t<\/div>\n\t\t\t\t\t<\/div>\n\t\t\t\t<\/div>\n\t\t<div class=\"elementor-element elementor-element-bc0d7cd e-flex e-con-boxed e-con e-parent\" data-id=\"bc0d7cd\" data-element_type=\"container\" data-e-type=\"container\">\n\t\t\t\t\t<div class=\"e-con-inner\">\n\t\t\t\t<div class=\"elementor-element elementor-element-b594527 elementor-widget elementor-widget-text-editor\" data-id=\"b594527\" data-element_type=\"widget\" data-e-type=\"widget\" data-widget_type=\"text-editor.default\">\n\t\t\t\t\t\t\t\t\t<h5><span style=\"color: #000000;\">AVERTISSEMENTS<\/span><\/h5><p>Le simple fait d&rsquo;acc\u00e9der \u00e0 ce site (ci-apr\u00e8s \u00ab le site \u00bb) implique que vous acceptiez les r\u00e8gles, les termes et les conditions d\u00e9finies ici (ci-apr\u00e8s \u00ab les r\u00e8gles \u00bb) et celles indiqu\u00e9es dans les autres pages du site. Si vous n&rsquo;entendez pas souscrire \u00e0 ces conditions, veuillez interrompre votre consultation. L&rsquo;acc\u00e8s aux autres pages du site \u00e9quivaut, dans les faits, \u00e0 en accepter les r\u00e8gles. OMFB S.p.A. est libre de modifier les r\u00e8gles, \u00e0 tout moment et de quelque mani\u00e8re que ce soit, sans pour autant \u00eatre oblig\u00e9e d&rsquo;en rendre compte \u00e0 qui que ce soit.   <\/p><h5><span style=\"color: #000000;\">BUT DU SITE<\/span><\/h5><p>Ce site est uniquement destin\u00e9 \u00e0 l&rsquo;illustration, la diffusion, la publicit\u00e9 et l&rsquo;information concernant les produits et les services OMFB S.p.A. (ci-apr\u00e8s \u00ab les informations \u00bb). Sauf dispositions contraires, aucune des informations donn\u00e9es par ce site ne peut \u00eatre consid\u00e9r\u00e9e comme une promesse ou un engagement envers le public. Toutes les informations contenues dans ce site s&rsquo;entendent comme purement indicatives et n&rsquo;engagent \u00e0 aucun titre ni OMFB S.p.A., ni les g\u00e9rants du site, ni les autres sujets tiers pouvant \u00eatre contact\u00e9s, par l&rsquo;interm\u00e9diaire des liens hypertextes, \u00e0 partir de ce site.<\/p><h5><span style=\"color: #000000;\">UTILISATION DE MARQUES, IMAGES, PHOTOS, DESSINS, SONS, CLIPS, LOGICIELS<\/span><\/h5><p>Sauf indication contraire sp\u00e9cifique, les marques, logos, images, dessins, sons, musiques, clips, logiciels ou autres pr\u00e9sents dans le site (ci-apr\u00e8s \u00ab les Objets \u00bb) sont couverts par les droits correspondants qui en prot\u00e8gent la propri\u00e9t\u00e9 tels que, \u00e0 titre indicatif et non exhaustif, droit de marque, droit de brevet, droit d&rsquo;auteur. Ces droits sont tous l\u00e9gitimement d\u00e9tenus par OMFB S.p.A. ou conc\u00e9d\u00e9s par les propri\u00e9taires l\u00e9gitimes \u00e0 OMFB S.p.A. Toute utilisation (copie, copie partielle, copie papier) des objets est par cons\u00e9quent interdite, sauf \u00e0 des fins strictement personnelles. Par utilisations strictement personnelles, on entend l&rsquo;archivage sur micro-ordinateur ou l&rsquo;impression des objets destin\u00e9e \u00e0 la conservation d&rsquo;une documentation \u00e0 usage personnel. Doivent par cons\u00e9quent \u00eatre consid\u00e9r\u00e9es comme des utilisations sortant du cadre strictement personnel, et en tant que telles ill\u00e9gitimes, la distribution et la transmission des objets, ainsi que, par cons\u00e9quent, leur mise \u00e0 disposition \u00e0 des tiers sur d&rsquo;autres sites, leur modification, leur republication, leur r\u00e9utilisation par insertion dans d&rsquo;autres documents ou fichiers et leur r\u00e9\u00e9laboration, qu&rsquo;elle qu&rsquo;en soit la nature. OMFB S.p.A. ne saurait en aucune fa\u00e7on \u00eatre tenue pour responsable ni \u00eatre appel\u00e9e \u00e0 r\u00e9pondre des violations de droits dont les propri\u00e9taires des objets donn\u00e9s en concession \u00e0 OMFB S.p.A. pourraient accuser les utilisateurs du site. La responsabilit\u00e9 de ces violations revient \u00e0 l&rsquo;utilisateur du site qui les a commises.     <\/p><h5><span style=\"color: #000000;\">DOMMAGES CONS\u00c9CUTIFS \u00c0 L&rsquo;ACC\u00c8S AU SITE<\/span><\/h5><p>OMFB S.p.A. non \u00e8 in alcun modo responsabile per i danni conseguenti all\u2019accesso al Sito ed all\u2019utilizzo o al download degli Oggetti ivi presenti, siano detti danni conseguenti a difetti, errori o altro o siano essi conseguenti all\u2019incapacit\u00e0 dell\u2019utilizzo del materiale incluso nel Sito.<\/p><h5><span style=\"color: #000000;\">LIENS<\/span><\/h5><p>OMFB S.p.A. non \u00e8 responsabile del contenuto dei siti collegati, tramite link, al Sito OMFB S.p.A. ne del contenuto dei siti non OMFB S.p.A. a cui il Sito, tramite link, rinvia.<\/p><h5><span style=\"color: #000000;\">Veridicit\u00e0, obbligatoriet\u00e0 ed esaustivit\u00e0 delle informazioni, delle offerte e dei servizi illustrati nel sito &#8211; Territorialit\u00e0 delle informazioni &#8211; Esclusione di responsabilit\u00e0<\/span><\/h5><p>Les informations \u00e9tant purement indicatives, il n&rsquo;existe aucune garantie quant \u00e0 leur exactitude et \u00e0 leur exhaustivit\u00e9. Il est aussi totalement exclu que toute information fournie par le site puisse engager, \u00e0 un titre quelconque, OMFB S.p.A. ou les autres sujets indiqu\u00e9s dans le site ou accessibles par l&rsquo;interm\u00e9diaire des liens hypertextes. Il est d&rsquo;autre part exclu que les informations fournies par le site soient valables dans tous les pays \u00e0 partir desquels il est possible d&rsquo;acc\u00e9der au site. Tout utilisateur qui souhaiterait avoir des informations pr\u00e9cises et d\u00e9taill\u00e9es devra contacter les structures OMFB S.p.A. pr\u00e9sentes dans son pays. De m\u00eame, il est possible que les informations fournies dans le site puissent \u00eatre arbitrairement modifi\u00e9es par OMFB S.p.A., \u00e0 tout moment et pour une raison quelconque, sans que ce qui a \u00e9t\u00e9 ou est affirm\u00e9, avant et apr\u00e8s les modifications, n&rsquo;engage d&rsquo;une mani\u00e8re ou d&rsquo;une autre OMFB S.p.A.    <\/p>\t\t\t\t\t\t\t\t<\/div>\n\t\t\t\t\t<\/div>\n\t\t\t\t<\/div>\n\t\t\t\t<\/div>\n\t\t","protected":false},"excerpt":{"rendered":"<p>AVERTISSEMENTS Le simple fait d&rsquo;acc\u00e9der \u00e0 ce site (ci-apr\u00e8s \u00ab le site \u00bb) implique que vous acceptiez les r\u00e8gles, les termes et les conditions d\u00e9finies ici (ci-apr\u00e8s \u00ab les r\u00e8gles \u00bb) et celles indiqu\u00e9es dans les autres pages du site. Si vous n&rsquo;entendez pas souscrire \u00e0 ces conditions, veuillez interrompre votre consultation. L&rsquo;acc\u00e8s aux autres &hellip; <a href=\"https:\/\/www.omfb.com\/fr\/infos-legales-et-copyright\/\">Continued<\/a><\/p>\n","protected":false},"author":2,"featured_media":0,"parent":0,"menu_order":0,"comment_status":"closed","ping_status":"closed","template":"","meta":{"_acf_changed":false,"footnotes":""},"class_list":["post-4466","page","type-page","status-publish","hentry"],"acf":[],"yoast_head":"<!-- This site is optimized with the Yoast SEO plugin v26.9 - https:\/\/yoast.com\/product\/yoast-seo-wordpress\/ -->\n<title>Infos l\u00e9gales et copyright - OMFB<\/title>\n<meta name=\"robots\" content=\"index, follow, max-snippet:-1, max-image-preview:large, max-video-preview:-1\" \/>\n<link rel=\"canonical\" href=\"https:\/\/www.omfb.com\/fr\/infos-legales-et-copyright\/\" \/>\n<meta property=\"og:locale\" content=\"fr_FR\" \/>\n<meta property=\"og:type\" content=\"article\" \/>\n<meta property=\"og:title\" content=\"Infos l\u00e9gales et copyright - OMFB\" \/>\n<meta property=\"og:description\" content=\"AVERTISSEMENTS Le simple fait d&rsquo;acc\u00e9der \u00e0 ce site (ci-apr\u00e8s \u00ab le site \u00bb) implique que vous acceptiez les r\u00e8gles, les termes et les conditions d\u00e9finies ici (ci-apr\u00e8s \u00ab les r\u00e8gles \u00bb) et celles indiqu\u00e9es dans les autres pages du site. Si vous n&rsquo;entendez pas souscrire \u00e0 ces conditions, veuillez interrompre votre consultation. L&rsquo;acc\u00e8s aux autres &hellip; Continued\" \/>\n<meta property=\"og:url\" content=\"https:\/\/www.omfb.com\/fr\/infos-legales-et-copyright\/\" \/>\n<meta property=\"og:site_name\" content=\"OMFB\" \/>\n<meta property=\"article:modified_time\" content=\"2026-03-02T15:20:56+00:00\" \/>\n<meta name=\"twitter:card\" content=\"summary_large_image\" \/>\n<meta name=\"twitter:label1\" content=\"Dur\u00e9e de lecture estim\u00e9e\" \/>\n\t<meta name=\"twitter:data1\" content=\"4 minutes\" \/>\n<script type=\"application\/ld+json\" class=\"yoast-schema-graph\">{\"@context\":\"https:\/\/schema.org\",\"@graph\":[{\"@type\":\"WebPage\",\"@id\":\"https:\/\/www.omfb.com\/fr\/infos-legales-et-copyright\/\",\"url\":\"https:\/\/www.omfb.com\/fr\/infos-legales-et-copyright\/\",\"name\":\"Infos l\u00e9gales et copyright - OMFB\",\"isPartOf\":{\"@id\":\"https:\/\/www.omfb.com\/fr\/#website\"},\"datePublished\":\"2026-02-19T13:23:14+00:00\",\"dateModified\":\"2026-03-02T15:20:56+00:00\",\"breadcrumb\":{\"@id\":\"https:\/\/www.omfb.com\/fr\/infos-legales-et-copyright\/#breadcrumb\"},\"inLanguage\":\"fr-FR\",\"potentialAction\":[{\"@type\":\"ReadAction\",\"target\":[\"https:\/\/www.omfb.com\/fr\/infos-legales-et-copyright\/\"]}]},{\"@type\":\"BreadcrumbList\",\"@id\":\"https:\/\/www.omfb.com\/fr\/infos-legales-et-copyright\/#breadcrumb\",\"itemListElement\":[{\"@type\":\"ListItem\",\"position\":1,\"name\":\"Home\",\"item\":\"https:\/\/www.omfb.com\/fr\/home\/\"},{\"@type\":\"ListItem\",\"position\":2,\"name\":\"Infos l\u00e9gales et copyright\"}]},{\"@type\":\"WebSite\",\"@id\":\"https:\/\/www.omfb.com\/fr\/#website\",\"url\":\"https:\/\/www.omfb.com\/fr\/\",\"name\":\"OMFB\",\"description\":\"Componenti idraulici\",\"potentialAction\":[{\"@type\":\"SearchAction\",\"target\":{\"@type\":\"EntryPoint\",\"urlTemplate\":\"https:\/\/www.omfb.com\/fr\/?s={search_term_string}\"},\"query-input\":{\"@type\":\"PropertyValueSpecification\",\"valueRequired\":true,\"valueName\":\"search_term_string\"}}],\"inLanguage\":\"fr-FR\"}]}<\/script>\n<!-- \/ Yoast SEO plugin. -->","yoast_head_json":{"title":"Infos l\u00e9gales et copyright - OMFB","robots":{"index":"index","follow":"follow","max-snippet":"max-snippet:-1","max-image-preview":"max-image-preview:large","max-video-preview":"max-video-preview:-1"},"canonical":"https:\/\/www.omfb.com\/fr\/infos-legales-et-copyright\/","og_locale":"fr_FR","og_type":"article","og_title":"Infos l\u00e9gales et copyright - OMFB","og_description":"AVERTISSEMENTS Le simple fait d&rsquo;acc\u00e9der \u00e0 ce site (ci-apr\u00e8s \u00ab le site \u00bb) implique que vous acceptiez les r\u00e8gles, les termes et les conditions d\u00e9finies ici (ci-apr\u00e8s \u00ab les r\u00e8gles \u00bb) et celles indiqu\u00e9es dans les autres pages du site. Si vous n&rsquo;entendez pas souscrire \u00e0 ces conditions, veuillez interrompre votre consultation. L&rsquo;acc\u00e8s aux autres &hellip; Continued","og_url":"https:\/\/www.omfb.com\/fr\/infos-legales-et-copyright\/","og_site_name":"OMFB","article_modified_time":"2026-03-02T15:20:56+00:00","twitter_card":"summary_large_image","twitter_misc":{"Dur\u00e9e de lecture estim\u00e9e":"4 minutes"},"schema":{"@context":"https:\/\/schema.org","@graph":[{"@type":"WebPage","@id":"https:\/\/www.omfb.com\/fr\/infos-legales-et-copyright\/","url":"https:\/\/www.omfb.com\/fr\/infos-legales-et-copyright\/","name":"Infos l\u00e9gales et copyright - OMFB","isPartOf":{"@id":"https:\/\/www.omfb.com\/fr\/#website"},"datePublished":"2026-02-19T13:23:14+00:00","dateModified":"2026-03-02T15:20:56+00:00","breadcrumb":{"@id":"https:\/\/www.omfb.com\/fr\/infos-legales-et-copyright\/#breadcrumb"},"inLanguage":"fr-FR","potentialAction":[{"@type":"ReadAction","target":["https:\/\/www.omfb.com\/fr\/infos-legales-et-copyright\/"]}]},{"@type":"BreadcrumbList","@id":"https:\/\/www.omfb.com\/fr\/infos-legales-et-copyright\/#breadcrumb","itemListElement":[{"@type":"ListItem","position":1,"name":"Home","item":"https:\/\/www.omfb.com\/fr\/home\/"},{"@type":"ListItem","position":2,"name":"Infos l\u00e9gales et copyright"}]},{"@type":"WebSite","@id":"https:\/\/www.omfb.com\/fr\/#website","url":"https:\/\/www.omfb.com\/fr\/","name":"OMFB","description":"Componenti idraulici","potentialAction":[{"@type":"SearchAction","target":{"@type":"EntryPoint","urlTemplate":"https:\/\/www.omfb.com\/fr\/?s={search_term_string}"},"query-input":{"@type":"PropertyValueSpecification","valueRequired":true,"valueName":"search_term_string"}}],"inLanguage":"fr-FR"}]}},"_links":{"self":[{"href":"https:\/\/www.omfb.com\/fr\/wp-json\/wp\/v2\/pages\/4466","targetHints":{"allow":["GET"]}}],"collection":[{"href":"https:\/\/www.omfb.com\/fr\/wp-json\/wp\/v2\/pages"}],"about":[{"href":"https:\/\/www.omfb.com\/fr\/wp-json\/wp\/v2\/types\/page"}],"author":[{"embeddable":true,"href":"https:\/\/www.omfb.com\/fr\/wp-json\/wp\/v2\/users\/2"}],"replies":[{"embeddable":true,"href":"https:\/\/www.omfb.com\/fr\/wp-json\/wp\/v2\/comments?post=4466"}],"version-history":[{"count":1,"href":"https:\/\/www.omfb.com\/fr\/wp-json\/wp\/v2\/pages\/4466\/revisions"}],"predecessor-version":[{"id":4467,"href":"https:\/\/www.omfb.com\/fr\/wp-json\/wp\/v2\/pages\/4466\/revisions\/4467"}],"wp:attachment":[{"href":"https:\/\/www.omfb.com\/fr\/wp-json\/wp\/v2\/media?parent=4466"}],"curies":[{"name":"wp","href":"https:\/\/api.w.org\/{rel}","templated":true}]}}