{"id":4464,"date":"2026-02-19T14:30:33","date_gmt":"2026-02-19T13:30:33","guid":{"rendered":"https:\/\/omfb.dexanet.biz\/gestione-reclami\/"},"modified":"2026-03-04T11:10:42","modified_gmt":"2026-03-04T10:10:42","slug":"gestion-des-reclamations","status":"publish","type":"page","link":"https:\/\/www.omfb.com\/fr\/gestion-des-reclamations\/","title":{"rendered":"Gestion des R\u00e9clamations"},"content":{"rendered":"\t\t<div data-elementor-type=\"wp-page\" data-elementor-id=\"4464\" class=\"elementor elementor-4464 elementor-3361\" data-elementor-post-type=\"page\">\n\t\t\t\t<div class=\"elementor-element elementor-element-7c47c81d section-page-title e-flex e-con-boxed e-con e-child\" data-id=\"7c47c81d\" data-element_type=\"container\" data-e-type=\"container\">\n\t\t\t\t\t<div class=\"e-con-inner\">\n\t\t\t\t<div class=\"elementor-element elementor-element-593f49ed elementor-invisible elementor-widget elementor-widget-breadcrumbs\" data-id=\"593f49ed\" data-element_type=\"widget\" data-e-type=\"widget\" data-settings=\"{&quot;_animation&quot;:&quot;fadeInUp&quot;}\" data-widget_type=\"breadcrumbs.default\">\n\t\t\t\t\t<p id=\"breadcrumbs\"><span><span><a href=\"https:\/\/www.omfb.com\/fr\/home\/\">Home<\/a><\/span><\/span><\/p>\t\t\t\t<\/div>\n\t\t\t\t<div class=\"elementor-element elementor-element-6068b53c elementor-invisible elementor-widget elementor-widget-heading\" data-id=\"6068b53c\" data-element_type=\"widget\" data-e-type=\"widget\" data-settings=\"{&quot;_animation&quot;:&quot;fadeInUp&quot;}\" data-widget_type=\"heading.default\">\n\t\t\t\t\t<h1 class=\"elementor-heading-title elementor-size-default\">Gestion des R\u00e9clamations<\/h1>\t\t\t\t<\/div>\n\t\t\t\t\t<\/div>\n\t\t\t\t<\/div>\n\t\t<div class=\"elementor-element elementor-element-bc0d7cd e-flex e-con-boxed e-con e-parent\" data-id=\"bc0d7cd\" data-element_type=\"container\" data-e-type=\"container\">\n\t\t\t\t\t<div class=\"e-con-inner\">\n\t\t\t\t<div class=\"elementor-element elementor-element-b594527 elementor-widget elementor-widget-text-editor\" data-id=\"b594527\" data-element_type=\"widget\" data-e-type=\"widget\" data-widget_type=\"text-editor.default\">\n\t\t\t\t\t\t\t\t\t<p>Cher client, nous souhaitons vous informer des proc\u00e9dures \u00e0 suivre pour le retour de mat\u00e9riel, afin d&rsquo;optimiser les processus, d&rsquo;\u00e9liminer les malentendus et d&rsquo;acc\u00e9l\u00e9rer l&rsquo;\u00e9mission \u00e9ventuelle de cr\u00e9dits, lorsque cela est demand\u00e9.<\/p><p><strong>1.<\/strong> Autorisation pr\u00e9alable : avant de proc\u00e9der au retour du mat\u00e9riel, il est n\u00e9cessaire d&rsquo;obtenir l&rsquo;accord et l&rsquo;autorisation de notre soci\u00e9t\u00e9 en remplissant le formulaire de r\u00e9clamation Mod.95 A qui devra \u00eatre envoy\u00e9 par e-mail \u00e0 l&rsquo;adresse <a href=\"mailto:claims@omfb.it\">claims@omfb.it<\/a> et \u00e0 celle du commercial de r\u00e9f\u00e9rence. <\/p>\t\t\t\t\t\t\t\t<\/div>\n\t\t\t\t\t<\/div>\n\t\t\t\t<\/div>\n\t\t<div class=\"elementor-element elementor-element-3a8621e e-flex e-con-boxed e-con e-parent\" data-id=\"3a8621e\" data-element_type=\"container\" data-e-type=\"container\">\n\t\t\t\t\t<div class=\"e-con-inner\">\n\t\t\t\t<div class=\"elementor-element elementor-element-3767d07e elementor-button-info elementor-align-justify elementor-invisible elementor-widget elementor-widget-button\" data-id=\"3767d07e\" data-element_type=\"widget\" data-e-type=\"widget\" data-settings=\"{&quot;_animation&quot;:&quot;fadeInUp&quot;}\" data-widget_type=\"button.default\">\n\t\t\t\t\t\t\t\t\t\t<a class=\"elementor-button elementor-button-link elementor-size-sm\" href=\"https:\/\/www.omfb.com\/wp-content\/uploads\/modulo_reclami_ita.doc\" target=\"_blank\">\n\t\t\t\t\t\t<span class=\"elementor-button-content-wrapper\">\n\t\t\t\t\t\t<span class=\"elementor-button-icon\">\n\t\t\t\t<svg aria-hidden=\"true\" class=\"e-font-icon-svg e-fas-download\" viewBox=\"0 0 512 512\" xmlns=\"http:\/\/www.w3.org\/2000\/svg\"><path d=\"M216 0h80c13.3 0 24 10.7 24 24v168h87.7c17.8 0 26.7 21.5 14.1 34.1L269.7 378.3c-7.5 7.5-19.8 7.5-27.3 0L90.1 226.1c-12.6-12.6-3.7-34.1 14.1-34.1H192V24c0-13.3 10.7-24 24-24zm296 376v112c0 13.3-10.7 24-24 24H24c-13.3 0-24-10.7-24-24V376c0-13.3 10.7-24 24-24h146.7l49 49c20.1 20.1 52.5 20.1 72.6 0l49-49H488c13.3 0 24 10.7 24 24zm-124 88c0-11-9-20-20-20s-20 9-20 20 9 20 20 20 20-9 20-20zm64 0c0-11-9-20-20-20s-20 9-20 20 9 20 20 20 20-9 20-20z\"><\/path><\/svg>\t\t\t<\/span>\n\t\t\t\t\t\t\t\t\t<span class=\"elementor-button-text\">T\u00e9l\u00e9charger le formulaire d'autorisation de retour M.95 A <\/span>\n\t\t\t\t\t<\/span>\n\t\t\t\t\t<\/a>\n\t\t\t\t\t\t\t\t<\/div>\n\t\t\t\t\t<\/div>\n\t\t\t\t<\/div>\n\t\t<div class=\"elementor-element elementor-element-c949609 e-flex e-con-boxed e-con e-parent\" data-id=\"c949609\" data-element_type=\"container\" data-e-type=\"container\">\n\t\t\t\t\t<div class=\"e-con-inner\">\n\t\t\t\t<div class=\"elementor-element elementor-element-4869693 elementor-widget elementor-widget-text-editor\" data-id=\"4869693\" data-element_type=\"widget\" data-e-type=\"widget\" data-widget_type=\"text-editor.default\">\n\t\t\t\t\t\t\t\t\t<p>Une fois l&rsquo;autorisation de retour re\u00e7ue, vous recevrez un num\u00e9ro de dossier RSC de la part du commercial r\u00e9f\u00e9rent ; ce num\u00e9ro de dossier doit \u00eatre utilis\u00e9 dans les communications par e-mail avec notre soci\u00e9t\u00e9 et indiqu\u00e9 sur les documents de retour (bon de retour). <\/p><p>Veuillez ne pas envoyer de mat\u00e9riel sans notre accord pr\u00e9alable, sinon la soci\u00e9t\u00e9 se r\u00e9serve le droit de renvoyer ces envois \u00e0 l&rsquo;exp\u00e9diteur, les frais \u00e9tant \u00e0 la charge du client.<\/p><p><strong>2. <\/strong>Conditions d&rsquo;exp\u00e9dition : Le mat\u00e9riel doit \u00eatre retourn\u00e9 en port pay\u00e9. Indiquez sur le bon de retour le num\u00e9ro de dossier RSC communiqu\u00e9 par notre soci\u00e9t\u00e9.  <\/p><p><strong>3. <\/strong>Informations sur le retour : afin de faciliter l&rsquo;analyse et d&rsquo;acc\u00e9l\u00e9rer la cl\u00f4ture du dossier, il est essentiel que le formulaire d&rsquo;autorisation de retour Mod.95 A contienne le plus d&rsquo;informations possible, notamment en ce qui concerne la tra\u00e7abilit\u00e9 du produit (marquage\/identification), les conditions d&rsquo;utilisation, la description du probl\u00e8me constat\u00e9, etc. <\/p><p><strong>4. <\/strong>\u00c9tat du mat\u00e9riel : le produit non conforme, d\u00e9j\u00e0 utilis\u00e9, doit \u00eatre nettoy\u00e9 et lav\u00e9 correctement afin de permettre une inspection et une v\u00e9rification appropri\u00e9es. Le produit ne doit \u00eatre d\u00e9mont\u00e9 en aucune partie, sous peine d&rsquo;annulation de la garantie. <\/p><p>Le respect de ces directives simples mais cruciales contribuera \u00e0 rendre le processus de gestion des retours plus efficace et plus rapide, avec des avantages consid\u00e9rables en termes de d\u00e9lais de cl\u00f4ture des dossiers.<\/p>\t\t\t\t\t\t\t\t<\/div>\n\t\t\t\t\t<\/div>\n\t\t\t\t<\/div>\n\t\t\t\t<\/div>\n\t\t","protected":false},"excerpt":{"rendered":"<p>Cher client, nous souhaitons vous informer des proc\u00e9dures \u00e0 suivre pour le retour de mat\u00e9riel, afin d&rsquo;optimiser les processus, d&rsquo;\u00e9liminer les malentendus et d&rsquo;acc\u00e9l\u00e9rer l&rsquo;\u00e9mission \u00e9ventuelle de cr\u00e9dits, lorsque cela est demand\u00e9. 1. Autorisation pr\u00e9alable : avant de proc\u00e9der au retour du mat\u00e9riel, il est n\u00e9cessaire d&rsquo;obtenir l&rsquo;accord et l&rsquo;autorisation de notre soci\u00e9t\u00e9 en remplissant &hellip; <a href=\"https:\/\/www.omfb.com\/fr\/gestion-des-reclamations\/\">Continued<\/a><\/p>\n","protected":false},"author":2,"featured_media":0,"parent":0,"menu_order":0,"comment_status":"closed","ping_status":"closed","template":"","meta":{"_acf_changed":false,"footnotes":""},"class_list":["post-4464","page","type-page","status-publish","hentry"],"acf":[],"yoast_head":"<!-- This site is optimized with the Yoast SEO plugin v26.9 - https:\/\/yoast.com\/product\/yoast-seo-wordpress\/ -->\n<title>Gestion des R\u00e9clamations - OMFB<\/title>\n<meta name=\"robots\" content=\"index, follow, max-snippet:-1, max-image-preview:large, max-video-preview:-1\" \/>\n<link rel=\"canonical\" href=\"https:\/\/www.omfb.com\/fr\/gestion-des-reclamations\/\" \/>\n<meta property=\"og:locale\" content=\"fr_FR\" \/>\n<meta property=\"og:type\" content=\"article\" \/>\n<meta property=\"og:title\" content=\"Gestion des R\u00e9clamations - OMFB\" \/>\n<meta property=\"og:description\" content=\"Cher client, nous souhaitons vous informer des proc\u00e9dures \u00e0 suivre pour le retour de mat\u00e9riel, afin d&rsquo;optimiser les processus, d&rsquo;\u00e9liminer les malentendus et d&rsquo;acc\u00e9l\u00e9rer l&rsquo;\u00e9mission \u00e9ventuelle de cr\u00e9dits, lorsque cela est demand\u00e9. 1. Autorisation pr\u00e9alable : avant de proc\u00e9der au retour du mat\u00e9riel, il est n\u00e9cessaire d&rsquo;obtenir l&rsquo;accord et l&rsquo;autorisation de notre soci\u00e9t\u00e9 en remplissant &hellip; Continued\" \/>\n<meta property=\"og:url\" content=\"https:\/\/www.omfb.com\/fr\/gestion-des-reclamations\/\" \/>\n<meta property=\"og:site_name\" content=\"OMFB\" \/>\n<meta property=\"article:modified_time\" content=\"2026-03-04T10:10:42+00:00\" \/>\n<meta name=\"twitter:card\" content=\"summary_large_image\" \/>\n<meta name=\"twitter:label1\" content=\"Dur\u00e9e de lecture estim\u00e9e\" \/>\n\t<meta name=\"twitter:data1\" content=\"2 minutes\" \/>\n<script type=\"application\/ld+json\" class=\"yoast-schema-graph\">{\"@context\":\"https:\/\/schema.org\",\"@graph\":[{\"@type\":\"WebPage\",\"@id\":\"https:\/\/www.omfb.com\/fr\/gestion-des-reclamations\/\",\"url\":\"https:\/\/www.omfb.com\/fr\/gestion-des-reclamations\/\",\"name\":\"Gestion des R\u00e9clamations - OMFB\",\"isPartOf\":{\"@id\":\"https:\/\/www.omfb.com\/fr\/#website\"},\"datePublished\":\"2026-02-19T13:30:33+00:00\",\"dateModified\":\"2026-03-04T10:10:42+00:00\",\"breadcrumb\":{\"@id\":\"https:\/\/www.omfb.com\/fr\/gestion-des-reclamations\/#breadcrumb\"},\"inLanguage\":\"fr-FR\",\"potentialAction\":[{\"@type\":\"ReadAction\",\"target\":[\"https:\/\/www.omfb.com\/fr\/gestion-des-reclamations\/\"]}]},{\"@type\":\"BreadcrumbList\",\"@id\":\"https:\/\/www.omfb.com\/fr\/gestion-des-reclamations\/#breadcrumb\",\"itemListElement\":[{\"@type\":\"ListItem\",\"position\":1,\"name\":\"Home\",\"item\":\"https:\/\/www.omfb.com\/fr\/home\/\"},{\"@type\":\"ListItem\",\"position\":2,\"name\":\"Gestion des R\u00e9clamations\"}]},{\"@type\":\"WebSite\",\"@id\":\"https:\/\/www.omfb.com\/fr\/#website\",\"url\":\"https:\/\/www.omfb.com\/fr\/\",\"name\":\"OMFB\",\"description\":\"Componenti idraulici\",\"potentialAction\":[{\"@type\":\"SearchAction\",\"target\":{\"@type\":\"EntryPoint\",\"urlTemplate\":\"https:\/\/www.omfb.com\/fr\/?s={search_term_string}\"},\"query-input\":{\"@type\":\"PropertyValueSpecification\",\"valueRequired\":true,\"valueName\":\"search_term_string\"}}],\"inLanguage\":\"fr-FR\"}]}<\/script>\n<!-- \/ Yoast SEO plugin. -->","yoast_head_json":{"title":"Gestion des R\u00e9clamations - OMFB","robots":{"index":"index","follow":"follow","max-snippet":"max-snippet:-1","max-image-preview":"max-image-preview:large","max-video-preview":"max-video-preview:-1"},"canonical":"https:\/\/www.omfb.com\/fr\/gestion-des-reclamations\/","og_locale":"fr_FR","og_type":"article","og_title":"Gestion des R\u00e9clamations - OMFB","og_description":"Cher client, nous souhaitons vous informer des proc\u00e9dures \u00e0 suivre pour le retour de mat\u00e9riel, afin d&rsquo;optimiser les processus, d&rsquo;\u00e9liminer les malentendus et d&rsquo;acc\u00e9l\u00e9rer l&rsquo;\u00e9mission \u00e9ventuelle de cr\u00e9dits, lorsque cela est demand\u00e9. 1. Autorisation pr\u00e9alable : avant de proc\u00e9der au retour du mat\u00e9riel, il est n\u00e9cessaire d&rsquo;obtenir l&rsquo;accord et l&rsquo;autorisation de notre soci\u00e9t\u00e9 en remplissant &hellip; Continued","og_url":"https:\/\/www.omfb.com\/fr\/gestion-des-reclamations\/","og_site_name":"OMFB","article_modified_time":"2026-03-04T10:10:42+00:00","twitter_card":"summary_large_image","twitter_misc":{"Dur\u00e9e de lecture estim\u00e9e":"2 minutes"},"schema":{"@context":"https:\/\/schema.org","@graph":[{"@type":"WebPage","@id":"https:\/\/www.omfb.com\/fr\/gestion-des-reclamations\/","url":"https:\/\/www.omfb.com\/fr\/gestion-des-reclamations\/","name":"Gestion des R\u00e9clamations - OMFB","isPartOf":{"@id":"https:\/\/www.omfb.com\/fr\/#website"},"datePublished":"2026-02-19T13:30:33+00:00","dateModified":"2026-03-04T10:10:42+00:00","breadcrumb":{"@id":"https:\/\/www.omfb.com\/fr\/gestion-des-reclamations\/#breadcrumb"},"inLanguage":"fr-FR","potentialAction":[{"@type":"ReadAction","target":["https:\/\/www.omfb.com\/fr\/gestion-des-reclamations\/"]}]},{"@type":"BreadcrumbList","@id":"https:\/\/www.omfb.com\/fr\/gestion-des-reclamations\/#breadcrumb","itemListElement":[{"@type":"ListItem","position":1,"name":"Home","item":"https:\/\/www.omfb.com\/fr\/home\/"},{"@type":"ListItem","position":2,"name":"Gestion des R\u00e9clamations"}]},{"@type":"WebSite","@id":"https:\/\/www.omfb.com\/fr\/#website","url":"https:\/\/www.omfb.com\/fr\/","name":"OMFB","description":"Componenti idraulici","potentialAction":[{"@type":"SearchAction","target":{"@type":"EntryPoint","urlTemplate":"https:\/\/www.omfb.com\/fr\/?s={search_term_string}"},"query-input":{"@type":"PropertyValueSpecification","valueRequired":true,"valueName":"search_term_string"}}],"inLanguage":"fr-FR"}]}},"_links":{"self":[{"href":"https:\/\/www.omfb.com\/fr\/wp-json\/wp\/v2\/pages\/4464","targetHints":{"allow":["GET"]}}],"collection":[{"href":"https:\/\/www.omfb.com\/fr\/wp-json\/wp\/v2\/pages"}],"about":[{"href":"https:\/\/www.omfb.com\/fr\/wp-json\/wp\/v2\/types\/page"}],"author":[{"embeddable":true,"href":"https:\/\/www.omfb.com\/fr\/wp-json\/wp\/v2\/users\/2"}],"replies":[{"embeddable":true,"href":"https:\/\/www.omfb.com\/fr\/wp-json\/wp\/v2\/comments?post=4464"}],"version-history":[{"count":3,"href":"https:\/\/www.omfb.com\/fr\/wp-json\/wp\/v2\/pages\/4464\/revisions"}],"predecessor-version":[{"id":4841,"href":"https:\/\/www.omfb.com\/fr\/wp-json\/wp\/v2\/pages\/4464\/revisions\/4841"}],"wp:attachment":[{"href":"https:\/\/www.omfb.com\/fr\/wp-json\/wp\/v2\/media?parent=4464"}],"curies":[{"name":"wp","href":"https:\/\/api.w.org\/{rel}","templated":true}]}}