{"id":4123,"date":"2026-02-19T14:30:33","date_gmt":"2026-02-19T13:30:33","guid":{"rendered":"https:\/\/omfb.dexanet.biz\/reclamacion\/"},"modified":"2026-02-26T15:20:18","modified_gmt":"2026-02-26T14:20:18","slug":"reclamacion","status":"publish","type":"page","link":"https:\/\/www.omfb.com\/es\/reclamacion\/","title":{"rendered":"Reclamaci\u00f3n"},"content":{"rendered":"\t\t<div data-elementor-type=\"wp-page\" data-elementor-id=\"4123\" class=\"elementor elementor-4123 elementor-3361\" data-elementor-post-type=\"page\">\n\t\t\t\t<div class=\"elementor-element elementor-element-7c47c81d section-page-title e-flex e-con-boxed e-con e-child\" data-id=\"7c47c81d\" data-element_type=\"container\" data-e-type=\"container\">\n\t\t\t\t\t<div class=\"e-con-inner\">\n\t\t\t\t<div class=\"elementor-element elementor-element-593f49ed elementor-invisible elementor-widget elementor-widget-breadcrumbs\" data-id=\"593f49ed\" data-element_type=\"widget\" data-e-type=\"widget\" data-settings=\"{&quot;_animation&quot;:&quot;fadeInUp&quot;}\" data-widget_type=\"breadcrumbs.default\">\n\t\t\t\t\t<p id=\"breadcrumbs\"><span><span><a href=\"https:\/\/www.omfb.com\/es\/home\/\">Home<\/a><\/span><\/span><\/p>\t\t\t\t<\/div>\n\t\t\t\t<div class=\"elementor-element elementor-element-6068b53c elementor-invisible elementor-widget elementor-widget-heading\" data-id=\"6068b53c\" data-element_type=\"widget\" data-e-type=\"widget\" data-settings=\"{&quot;_animation&quot;:&quot;fadeInUp&quot;}\" data-widget_type=\"heading.default\">\n\t\t\t\t\t<h1 class=\"elementor-heading-title elementor-size-default\">Reclamaci\u00f3n<\/h1>\t\t\t\t<\/div>\n\t\t\t\t\t<\/div>\n\t\t\t\t<\/div>\n\t\t<div class=\"elementor-element elementor-element-bc0d7cd e-flex e-con-boxed e-con e-parent\" data-id=\"bc0d7cd\" data-element_type=\"container\" data-e-type=\"container\">\n\t\t\t\t\t<div class=\"e-con-inner\">\n\t\t\t\t<div class=\"elementor-element elementor-element-b594527 elementor-widget elementor-widget-text-editor\" data-id=\"b594527\" data-element_type=\"widget\" data-e-type=\"widget\" data-widget_type=\"text-editor.default\">\n\t\t\t\t\t\t\t\t\t<p>Estimado Cliente, nos gustar\u00eda informarle sobre el procedimiento correcto en caso de reclamaci\u00f3n y devoluci\u00f3n de cualquier producto OMFB. Siguiendo este procedimiento nos ayudar\u00e1 a la gesti\u00f3n de reclamaciones resultando en una soluci\u00f3n m\u00e1s r\u00e1pida del problema<\/p><p><strong>1.<\/strong> Autorizaci\u00f3n inicial: antes de devolver cualquier material, el cliente debe rellenar el formulario de solicitud de autorizaci\u00f3n Mod.95 A y enviarlo tanto a <a href=\"mailto:claims@omfb.it\">claims@omfb.it<\/a> como a su contacto habitual en OMFB. <\/p>\t\t\t\t\t\t\t\t<\/div>\n\t\t\t\t\t<\/div>\n\t\t\t\t<\/div>\n\t\t<div class=\"elementor-element elementor-element-3a8621e e-flex e-con-boxed e-con e-parent\" data-id=\"3a8621e\" data-element_type=\"container\" data-e-type=\"container\">\n\t\t\t\t\t<div class=\"e-con-inner\">\n\t\t\t\t<div class=\"elementor-element elementor-element-3767d07e elementor-button-info elementor-align-justify elementor-invisible elementor-widget elementor-widget-button\" data-id=\"3767d07e\" data-element_type=\"widget\" data-e-type=\"widget\" data-settings=\"{&quot;_animation&quot;:&quot;fadeInUp&quot;}\" data-widget_type=\"button.default\">\n\t\t\t\t\t\t\t\t\t\t<a class=\"elementor-button elementor-button-link elementor-size-sm\" href=\"https:\/\/www.omfb.com\/wp-content\/uploads\/modulo_reclami_ita.doc\" target=\"_blank\">\n\t\t\t\t\t\t<span class=\"elementor-button-content-wrapper\">\n\t\t\t\t\t\t<span class=\"elementor-button-icon\">\n\t\t\t\t<svg aria-hidden=\"true\" class=\"e-font-icon-svg e-fas-download\" viewBox=\"0 0 512 512\" xmlns=\"http:\/\/www.w3.org\/2000\/svg\"><path d=\"M216 0h80c13.3 0 24 10.7 24 24v168h87.7c17.8 0 26.7 21.5 14.1 34.1L269.7 378.3c-7.5 7.5-19.8 7.5-27.3 0L90.1 226.1c-12.6-12.6-3.7-34.1 14.1-34.1H192V24c0-13.3 10.7-24 24-24zm296 376v112c0 13.3-10.7 24-24 24H24c-13.3 0-24-10.7-24-24V376c0-13.3 10.7-24 24-24h146.7l49 49c20.1 20.1 52.5 20.1 72.6 0l49-49H488c13.3 0 24 10.7 24 24zm-124 88c0-11-9-20-20-20s-20 9-20 20 9 20 20 20 20-9 20-20zm64 0c0-11-9-20-20-20s-20 9-20 20 9 20 20 20 20-9 20-20z\"><\/path><\/svg>\t\t\t<\/span>\n\t\t\t\t\t\t\t\t\t<span class=\"elementor-button-text\">Descargar el formulario de autorizaci\u00f3n de devoluci\u00f3n M.95 A <\/span>\n\t\t\t\t\t<\/span>\n\t\t\t\t\t<\/a>\n\t\t\t\t\t\t\t\t<\/div>\n\t\t\t\t\t<\/div>\n\t\t\t\t<\/div>\n\t\t<div class=\"elementor-element elementor-element-c949609 e-flex e-con-boxed e-con e-parent\" data-id=\"c949609\" data-element_type=\"container\" data-e-type=\"container\">\n\t\t\t\t\t<div class=\"e-con-inner\">\n\t\t\t\t<div class=\"elementor-element elementor-element-4869693 elementor-widget elementor-widget-text-editor\" data-id=\"4869693\" data-element_type=\"widget\" data-e-type=\"widget\" data-widget_type=\"text-editor.default\">\n\t\t\t\t\t\t\t\t\t<p>Una vez que OMFB confirmar\u00e0 la autorizaci\u00f3n de la reclamaci\u00f3n, OMFB establecer\u00e0 una referencia para esta reclamaci\u00f3n (n\u00famero RSC); este RSC debe ser utilizado por el cliente en cualquier comunicaci\u00f3n por correo y puesto en la documentaci\u00f3n de entrega del material. <\/p><p>Le rogamos que no devuelva ning\u00fan material sin haber seguido el procedimiento anterior y sin nuestra autorizaci\u00f3n. OMFB devolver\u00e1 los materiales a cargo del cliente si no se dispone de autorizaci\u00f3n.<\/p><p><strong>2. <\/strong>Condiciones de env\u00edo: el material debe devolverse a portes pagados. La referencia RSC comunicada por OMFB debe ser por escrito en la documentaci\u00f3n de entrega.\nAll\u2019interno della bolla di reso indicare il numero di pratica RSC comunicata dalla ns.\nsociet\u00e0.  <\/p><p><strong>3. <\/strong>Informaci\u00f3n sobre la reclamaci\u00f3n: con el fin de acelerar el an\u00e1lisis de la reclamaci\u00f3n, es indispensable que el formulario de devoluci\u00f3n Mod.95 A contenga toda la informaci\u00f3n posible, especialmente la relativa trazabilidad del producto (identificaci\u00f3n), el problema detectado por el cliente, las condiciones de uso, etc. <\/p><p><strong>4. <\/strong>Condiciones de material: el material devuelto debe ser limpiado si ya se ha utilizado para permitir una mejor an\u00e1lisis en OMFB. El cliente no debe desmontar el material reclamado bajo pena de la p\u00e9rdida de garant\u00eda. <\/p><p>El cumplimiento de estas sencillas directrices contribuir\u00e1 a que el proceso de gesti\u00f3n de las devoluciones sea m\u00e1s r\u00e0pido y eficaz, con considerables ventajas en t\u00e9rminos de plazos de cierre.<\/p>\t\t\t\t\t\t\t\t<\/div>\n\t\t\t\t\t<\/div>\n\t\t\t\t<\/div>\n\t\t\t\t<\/div>\n\t\t","protected":false},"excerpt":{"rendered":"<p>Estimado Cliente, nos gustar\u00eda informarle sobre el procedimiento correcto en caso de reclamaci\u00f3n y devoluci\u00f3n de cualquier producto OMFB. Siguiendo este procedimiento nos ayudar\u00e1 a la gesti\u00f3n de reclamaciones resultando en una soluci\u00f3n m\u00e1s r\u00e1pida del problema 1. Autorizaci\u00f3n inicial: antes de devolver cualquier material, el cliente debe rellenar el formulario de solicitud de autorizaci\u00f3n &hellip; <a href=\"https:\/\/www.omfb.com\/es\/reclamacion\/\">Continued<\/a><\/p>\n","protected":false},"author":2,"featured_media":0,"parent":0,"menu_order":0,"comment_status":"closed","ping_status":"closed","template":"","meta":{"_acf_changed":false,"footnotes":""},"class_list":["post-4123","page","type-page","status-publish","hentry"],"acf":[],"yoast_head":"<!-- This site is optimized with the Yoast SEO plugin v26.9 - https:\/\/yoast.com\/product\/yoast-seo-wordpress\/ -->\n<title>Reclamaci\u00f3n - OMFB<\/title>\n<meta name=\"robots\" content=\"index, follow, max-snippet:-1, max-image-preview:large, max-video-preview:-1\" \/>\n<link rel=\"canonical\" href=\"https:\/\/www.omfb.com\/es\/reclamacion\/\" \/>\n<meta property=\"og:locale\" content=\"es_ES\" \/>\n<meta property=\"og:type\" content=\"article\" \/>\n<meta property=\"og:title\" content=\"Reclamaci\u00f3n - OMFB\" \/>\n<meta property=\"og:description\" content=\"Estimado Cliente, nos gustar\u00eda informarle sobre el procedimiento correcto en caso de reclamaci\u00f3n y devoluci\u00f3n de cualquier producto OMFB. Siguiendo este procedimiento nos ayudar\u00e1 a la gesti\u00f3n de reclamaciones resultando en una soluci\u00f3n m\u00e1s r\u00e1pida del problema 1. Autorizaci\u00f3n inicial: antes de devolver cualquier material, el cliente debe rellenar el formulario de solicitud de autorizaci\u00f3n &hellip; Continued\" \/>\n<meta property=\"og:url\" content=\"https:\/\/www.omfb.com\/es\/reclamacion\/\" \/>\n<meta property=\"og:site_name\" content=\"OMFB\" \/>\n<meta property=\"article:modified_time\" content=\"2026-02-26T14:20:18+00:00\" \/>\n<meta name=\"twitter:card\" content=\"summary_large_image\" \/>\n<meta name=\"twitter:label1\" content=\"Tiempo de lectura\" \/>\n\t<meta name=\"twitter:data1\" content=\"2 minutos\" \/>\n<script type=\"application\/ld+json\" class=\"yoast-schema-graph\">{\"@context\":\"https:\/\/schema.org\",\"@graph\":[{\"@type\":\"WebPage\",\"@id\":\"https:\/\/www.omfb.com\/es\/reclamacion\/\",\"url\":\"https:\/\/www.omfb.com\/es\/reclamacion\/\",\"name\":\"Reclamaci\u00f3n - OMFB\",\"isPartOf\":{\"@id\":\"https:\/\/www.omfb.com\/es\/#website\"},\"datePublished\":\"2026-02-19T13:30:33+00:00\",\"dateModified\":\"2026-02-26T14:20:18+00:00\",\"breadcrumb\":{\"@id\":\"https:\/\/www.omfb.com\/es\/reclamacion\/#breadcrumb\"},\"inLanguage\":\"es\",\"potentialAction\":[{\"@type\":\"ReadAction\",\"target\":[\"https:\/\/www.omfb.com\/es\/reclamacion\/\"]}]},{\"@type\":\"BreadcrumbList\",\"@id\":\"https:\/\/www.omfb.com\/es\/reclamacion\/#breadcrumb\",\"itemListElement\":[{\"@type\":\"ListItem\",\"position\":1,\"name\":\"Home\",\"item\":\"https:\/\/www.omfb.com\/es\/home\/\"},{\"@type\":\"ListItem\",\"position\":2,\"name\":\"Reclamaci\u00f3n\"}]},{\"@type\":\"WebSite\",\"@id\":\"https:\/\/www.omfb.com\/es\/#website\",\"url\":\"https:\/\/www.omfb.com\/es\/\",\"name\":\"OMFB\",\"description\":\"Componenti idraulici\",\"potentialAction\":[{\"@type\":\"SearchAction\",\"target\":{\"@type\":\"EntryPoint\",\"urlTemplate\":\"https:\/\/www.omfb.com\/es\/?s={search_term_string}\"},\"query-input\":{\"@type\":\"PropertyValueSpecification\",\"valueRequired\":true,\"valueName\":\"search_term_string\"}}],\"inLanguage\":\"es\"}]}<\/script>\n<!-- \/ Yoast SEO plugin. -->","yoast_head_json":{"title":"Reclamaci\u00f3n - OMFB","robots":{"index":"index","follow":"follow","max-snippet":"max-snippet:-1","max-image-preview":"max-image-preview:large","max-video-preview":"max-video-preview:-1"},"canonical":"https:\/\/www.omfb.com\/es\/reclamacion\/","og_locale":"es_ES","og_type":"article","og_title":"Reclamaci\u00f3n - OMFB","og_description":"Estimado Cliente, nos gustar\u00eda informarle sobre el procedimiento correcto en caso de reclamaci\u00f3n y devoluci\u00f3n de cualquier producto OMFB. Siguiendo este procedimiento nos ayudar\u00e1 a la gesti\u00f3n de reclamaciones resultando en una soluci\u00f3n m\u00e1s r\u00e1pida del problema 1. Autorizaci\u00f3n inicial: antes de devolver cualquier material, el cliente debe rellenar el formulario de solicitud de autorizaci\u00f3n &hellip; Continued","og_url":"https:\/\/www.omfb.com\/es\/reclamacion\/","og_site_name":"OMFB","article_modified_time":"2026-02-26T14:20:18+00:00","twitter_card":"summary_large_image","twitter_misc":{"Tiempo de lectura":"2 minutos"},"schema":{"@context":"https:\/\/schema.org","@graph":[{"@type":"WebPage","@id":"https:\/\/www.omfb.com\/es\/reclamacion\/","url":"https:\/\/www.omfb.com\/es\/reclamacion\/","name":"Reclamaci\u00f3n - OMFB","isPartOf":{"@id":"https:\/\/www.omfb.com\/es\/#website"},"datePublished":"2026-02-19T13:30:33+00:00","dateModified":"2026-02-26T14:20:18+00:00","breadcrumb":{"@id":"https:\/\/www.omfb.com\/es\/reclamacion\/#breadcrumb"},"inLanguage":"es","potentialAction":[{"@type":"ReadAction","target":["https:\/\/www.omfb.com\/es\/reclamacion\/"]}]},{"@type":"BreadcrumbList","@id":"https:\/\/www.omfb.com\/es\/reclamacion\/#breadcrumb","itemListElement":[{"@type":"ListItem","position":1,"name":"Home","item":"https:\/\/www.omfb.com\/es\/home\/"},{"@type":"ListItem","position":2,"name":"Reclamaci\u00f3n"}]},{"@type":"WebSite","@id":"https:\/\/www.omfb.com\/es\/#website","url":"https:\/\/www.omfb.com\/es\/","name":"OMFB","description":"Componenti idraulici","potentialAction":[{"@type":"SearchAction","target":{"@type":"EntryPoint","urlTemplate":"https:\/\/www.omfb.com\/es\/?s={search_term_string}"},"query-input":{"@type":"PropertyValueSpecification","valueRequired":true,"valueName":"search_term_string"}}],"inLanguage":"es"}]}},"_links":{"self":[{"href":"https:\/\/www.omfb.com\/es\/wp-json\/wp\/v2\/pages\/4123","targetHints":{"allow":["GET"]}}],"collection":[{"href":"https:\/\/www.omfb.com\/es\/wp-json\/wp\/v2\/pages"}],"about":[{"href":"https:\/\/www.omfb.com\/es\/wp-json\/wp\/v2\/types\/page"}],"author":[{"embeddable":true,"href":"https:\/\/www.omfb.com\/es\/wp-json\/wp\/v2\/users\/2"}],"replies":[{"embeddable":true,"href":"https:\/\/www.omfb.com\/es\/wp-json\/wp\/v2\/comments?post=4123"}],"version-history":[{"count":1,"href":"https:\/\/www.omfb.com\/es\/wp-json\/wp\/v2\/pages\/4123\/revisions"}],"predecessor-version":[{"id":4125,"href":"https:\/\/www.omfb.com\/es\/wp-json\/wp\/v2\/pages\/4123\/revisions\/4125"}],"wp:attachment":[{"href":"https:\/\/www.omfb.com\/es\/wp-json\/wp\/v2\/media?parent=4123"}],"curies":[{"name":"wp","href":"https:\/\/api.w.org\/{rel}","templated":true}]}}