{"id":4103,"date":"2026-02-19T14:23:14","date_gmt":"2026-02-19T13:23:14","guid":{"rendered":"https:\/\/omfb.dexanet.biz\/proteccion-y-copyright\/"},"modified":"2026-02-26T15:13:18","modified_gmt":"2026-02-26T14:13:18","slug":"proteccion-y-copyright","status":"publish","type":"page","link":"https:\/\/www.omfb.com\/es\/proteccion-y-copyright\/","title":{"rendered":"Protecci\u00f3n y Copyright"},"content":{"rendered":"\t\t<div data-elementor-type=\"wp-page\" data-elementor-id=\"4103\" class=\"elementor elementor-4103 elementor-3355\" data-elementor-post-type=\"page\">\n\t\t\t\t<div class=\"elementor-element elementor-element-7c47c81d section-page-title e-flex e-con-boxed e-con e-child\" data-id=\"7c47c81d\" data-element_type=\"container\" data-e-type=\"container\">\n\t\t\t\t\t<div class=\"e-con-inner\">\n\t\t\t\t<div class=\"elementor-element elementor-element-593f49ed elementor-invisible elementor-widget elementor-widget-breadcrumbs\" data-id=\"593f49ed\" data-element_type=\"widget\" data-e-type=\"widget\" data-settings=\"{&quot;_animation&quot;:&quot;fadeInUp&quot;}\" data-widget_type=\"breadcrumbs.default\">\n\t\t\t\t\t<p id=\"breadcrumbs\"><span><span><a href=\"https:\/\/www.omfb.com\/es\/home\/\">Home<\/a><\/span><\/span><\/p>\t\t\t\t<\/div>\n\t\t\t\t<div class=\"elementor-element elementor-element-6068b53c elementor-invisible elementor-widget elementor-widget-heading\" data-id=\"6068b53c\" data-element_type=\"widget\" data-e-type=\"widget\" data-settings=\"{&quot;_animation&quot;:&quot;fadeInUp&quot;}\" data-widget_type=\"heading.default\">\n\t\t\t\t\t<h1 class=\"elementor-heading-title elementor-size-default\">Protecci\u00f3n y Copyright<\/h1>\t\t\t\t<\/div>\n\t\t\t\t\t<\/div>\n\t\t\t\t<\/div>\n\t\t<div class=\"elementor-element elementor-element-bc0d7cd e-flex e-con-boxed e-con e-parent\" data-id=\"bc0d7cd\" data-element_type=\"container\" data-e-type=\"container\">\n\t\t\t\t\t<div class=\"e-con-inner\">\n\t\t\t\t<div class=\"elementor-element elementor-element-b594527 elementor-widget elementor-widget-text-editor\" data-id=\"b594527\" data-element_type=\"widget\" data-e-type=\"widget\" data-widget_type=\"text-editor.default\">\n\t\t\t\t\t\t\t\t\t<h5><span style=\"color: #000000;\">ADVERTENCIAS<\/span><\/h5><p>Toda persona que entra en esta p\u00e1gina web (en adelante denominada Sitio) acepta las reglas, los t\u00e9rminos y las condiciones aqu\u00ed indicadas (en adelante denominadas Reglas) y las que se consignan en otras p\u00e1ginas del Sitio. Si Vd. no acepta estas condiciones, le rogamos que abandone el Sitio. El simple acceso a otras p\u00e1ginas del Sitio supondr\u00e1 la aceptaci\u00f3n de las Reglas. OMFB S.p.A. tiene derecho a modificar las Reglas en cualquier momento y de cualquier modo sin tener que rendir cuenta de ello a persona u organizaci\u00f3n alguna.   <\/p><h5><span style=\"color: #000000;\">FINALIDAD DEL SITIO<\/span><\/h5><p>El objetivo del Sitio es solamente la ilustraci\u00f3n, difusi\u00f3n, publicidad y descripci\u00f3n de los productos y servicios de OMFB S.p.A. (en adelante denominadas Informaci\u00f3n). Ninguna Informaci\u00f3n, salvo que as\u00ed se indique expresamente, es vinculante con respecto a los visitantes o a cualquier relaci\u00f3n empresarial o comercial. Toda la Informaci\u00f3n contenida en el Sitio debe considerarse meramente indicativa y no supone compromiso alguno para OMFB S.p.A., para los administradores del Sitio o para terceros enlazados desde el Sitio.<\/p><h5><span style=\"color: #000000;\">USO DE MARCAS, IM\u00c1GENES, FOTOGRAF\u00cdAS, DIBUJOS, SONIDOS, V\u00cdDEOS Y SOFTWARE<\/span><\/h5><p>Salvo diversa y espec\u00edfica indicaci\u00f3n, todos los logotipos, dibujos, marcas, im\u00e1genes, sonidos, m\u00fasica, filmaciones, software u otros elementos presentes en el Sitio (en adelante denominados Objetos) est\u00e1n amparados por derechos de propiedad, por ejemplo (aunque no de manera exhaustiva) derechos de marcas, de patente o de autor. Estos derechos pertenecen a OMFB S.p.A. o le han sido cedidos en concesi\u00f3n por sus propietarios. Por lo tanto, se proh\u00edbe utilizar los Objetos de cualquier manera (copia total o parcial, hardcopy) salvo para fines estrictamente personales. Por uso con fines estrictamente personales se entiende el guardado en el propio ordenador o la impresi\u00f3n de los Objetos para conservarlos como documentaci\u00f3n de uso personal. Deben considerarse de uso no estrictamente personal y, como tales, ileg\u00edtimas, la distribuci\u00f3n y la transmisi\u00f3n, incluidas la puesta a disposici\u00f3n de los Objetos a terceros en otros sitios, su modificaci\u00f3n, republicaci\u00f3n y reutilizaci\u00f3n mediante inserci\u00f3n en otros documentos o ficheros, y todo tipo de reelaboraci\u00f3n. OMFB S.p.A. declina toda responsabilidad y no podr\u00e1 ser llamada a responder por las violaciones de los derechos que los titulares de los Objetos recibidos en concesi\u00f3n puedan reclamar a los usuarios del Sitio. La responsabilidad de dichas violaciones es del usuario que las haya cometido.     <\/p><h5><span style=\"color: #000000;\">DA\u00d1OS CONSIGUIENTES A CONEXIONES<\/span><\/h5><p>OMFB S.p.A. declina toda responsabilidad por da\u00f1os consiguientes al acceso al Sitio y al uso o la descarga de los Objetos en \u00e9l presentes, ya se trate de perjuicios causados por defectos, errores u otros motivos, o derivados de la imposibilidad de utilizar el material incluido en el Sitio.<\/p><h5><span style=\"color: #000000;\">ENLACES<\/span><\/h5><p>OMFB S.p.A. no es responsable del contenido de los sitios enlazados al suyo.<\/p><h5><span style=\"color: #000000;\">VERACIDAD, OBLIGATORIEDAD Y EXHAUSTIVIDAD DE LA INFORMACI\u00d3N, DE LAS OFERTAS Y DE LOS SERVICIOS ILUSTRADOS EN EL SITIO \u2013 TERRITORIALIDAD DE LA INFORMACI\u00d3N \u2013 EXCLUSI\u00d3N DE RESPONSABILIDAD<\/span><\/h5><p>La Informaci\u00f3n es puramente indicativa, por lo cual no se garantiza que sea exacta y completa. Ninguna Informaci\u00f3n contenida en el Sitio implica compromiso alguno por parte de OMFB S.p.A. o de las personas u organizaciones nombradas en \u00e9l o enlazadas desde \u00e9l. En particular, se deja constancia de que la Informaci\u00f3n indicada en el Sitio puede no ser v\u00e1lida en todos los pa\u00edses desde los cuales es posible acceder a \u00e9l. Para informaci\u00f3n puntual y detallada, consulte con el representante de OMFB S.p.A. en su pa\u00eds. OMFB S.p.A. puede modificar la Informaci\u00f3n que aparece en el Sitio en cualquier momento y por cualquier raz\u00f3n sin que lo afirmado, antes o despu\u00e9s de las modificaciones, le signifique compromiso alguno.    <\/p>\t\t\t\t\t\t\t\t<\/div>\n\t\t\t\t\t<\/div>\n\t\t\t\t<\/div>\n\t\t\t\t<\/div>\n\t\t","protected":false},"excerpt":{"rendered":"<p>ADVERTENCIAS Toda persona que entra en esta p\u00e1gina web (en adelante denominada Sitio) acepta las reglas, los t\u00e9rminos y las condiciones aqu\u00ed indicadas (en adelante denominadas Reglas) y las que se consignan en otras p\u00e1ginas del Sitio. Si Vd. no acepta estas condiciones, le rogamos que abandone el Sitio. El simple acceso a otras p\u00e1ginas &hellip; <a href=\"https:\/\/www.omfb.com\/es\/proteccion-y-copyright\/\">Continued<\/a><\/p>\n","protected":false},"author":2,"featured_media":0,"parent":0,"menu_order":0,"comment_status":"closed","ping_status":"closed","template":"","meta":{"_acf_changed":false,"footnotes":""},"class_list":["post-4103","page","type-page","status-publish","hentry"],"acf":[],"yoast_head":"<!-- This site is optimized with the Yoast SEO plugin v26.9 - https:\/\/yoast.com\/product\/yoast-seo-wordpress\/ -->\n<title>Protecci\u00f3n y Copyright - OMFB<\/title>\n<meta name=\"robots\" content=\"index, follow, max-snippet:-1, max-image-preview:large, max-video-preview:-1\" \/>\n<link rel=\"canonical\" href=\"https:\/\/www.omfb.com\/es\/proteccion-y-copyright\/\" \/>\n<meta property=\"og:locale\" content=\"es_ES\" \/>\n<meta property=\"og:type\" content=\"article\" \/>\n<meta property=\"og:title\" content=\"Protecci\u00f3n y Copyright - OMFB\" \/>\n<meta property=\"og:description\" content=\"ADVERTENCIAS Toda persona que entra en esta p\u00e1gina web (en adelante denominada Sitio) acepta las reglas, los t\u00e9rminos y las condiciones aqu\u00ed indicadas (en adelante denominadas Reglas) y las que se consignan en otras p\u00e1ginas del Sitio. Si Vd. no acepta estas condiciones, le rogamos que abandone el Sitio. El simple acceso a otras p\u00e1ginas &hellip; Continued\" \/>\n<meta property=\"og:url\" content=\"https:\/\/www.omfb.com\/es\/proteccion-y-copyright\/\" \/>\n<meta property=\"og:site_name\" content=\"OMFB\" \/>\n<meta property=\"article:modified_time\" content=\"2026-02-26T14:13:18+00:00\" \/>\n<meta name=\"twitter:card\" content=\"summary_large_image\" \/>\n<meta name=\"twitter:label1\" content=\"Tiempo de lectura\" \/>\n\t<meta name=\"twitter:data1\" content=\"3 minutos\" \/>\n<script type=\"application\/ld+json\" class=\"yoast-schema-graph\">{\"@context\":\"https:\/\/schema.org\",\"@graph\":[{\"@type\":\"WebPage\",\"@id\":\"https:\/\/www.omfb.com\/es\/proteccion-y-copyright\/\",\"url\":\"https:\/\/www.omfb.com\/es\/proteccion-y-copyright\/\",\"name\":\"Protecci\u00f3n y Copyright - OMFB\",\"isPartOf\":{\"@id\":\"https:\/\/www.omfb.com\/es\/#website\"},\"datePublished\":\"2026-02-19T13:23:14+00:00\",\"dateModified\":\"2026-02-26T14:13:18+00:00\",\"breadcrumb\":{\"@id\":\"https:\/\/www.omfb.com\/es\/proteccion-y-copyright\/#breadcrumb\"},\"inLanguage\":\"es\",\"potentialAction\":[{\"@type\":\"ReadAction\",\"target\":[\"https:\/\/www.omfb.com\/es\/proteccion-y-copyright\/\"]}]},{\"@type\":\"BreadcrumbList\",\"@id\":\"https:\/\/www.omfb.com\/es\/proteccion-y-copyright\/#breadcrumb\",\"itemListElement\":[{\"@type\":\"ListItem\",\"position\":1,\"name\":\"Home\",\"item\":\"https:\/\/www.omfb.com\/es\/home\/\"},{\"@type\":\"ListItem\",\"position\":2,\"name\":\"Protecci\u00f3n y Copyright\"}]},{\"@type\":\"WebSite\",\"@id\":\"https:\/\/www.omfb.com\/es\/#website\",\"url\":\"https:\/\/www.omfb.com\/es\/\",\"name\":\"OMFB\",\"description\":\"Componenti idraulici\",\"potentialAction\":[{\"@type\":\"SearchAction\",\"target\":{\"@type\":\"EntryPoint\",\"urlTemplate\":\"https:\/\/www.omfb.com\/es\/?s={search_term_string}\"},\"query-input\":{\"@type\":\"PropertyValueSpecification\",\"valueRequired\":true,\"valueName\":\"search_term_string\"}}],\"inLanguage\":\"es\"}]}<\/script>\n<!-- \/ Yoast SEO plugin. -->","yoast_head_json":{"title":"Protecci\u00f3n y Copyright - OMFB","robots":{"index":"index","follow":"follow","max-snippet":"max-snippet:-1","max-image-preview":"max-image-preview:large","max-video-preview":"max-video-preview:-1"},"canonical":"https:\/\/www.omfb.com\/es\/proteccion-y-copyright\/","og_locale":"es_ES","og_type":"article","og_title":"Protecci\u00f3n y Copyright - OMFB","og_description":"ADVERTENCIAS Toda persona que entra en esta p\u00e1gina web (en adelante denominada Sitio) acepta las reglas, los t\u00e9rminos y las condiciones aqu\u00ed indicadas (en adelante denominadas Reglas) y las que se consignan en otras p\u00e1ginas del Sitio. Si Vd. no acepta estas condiciones, le rogamos que abandone el Sitio. El simple acceso a otras p\u00e1ginas &hellip; Continued","og_url":"https:\/\/www.omfb.com\/es\/proteccion-y-copyright\/","og_site_name":"OMFB","article_modified_time":"2026-02-26T14:13:18+00:00","twitter_card":"summary_large_image","twitter_misc":{"Tiempo de lectura":"3 minutos"},"schema":{"@context":"https:\/\/schema.org","@graph":[{"@type":"WebPage","@id":"https:\/\/www.omfb.com\/es\/proteccion-y-copyright\/","url":"https:\/\/www.omfb.com\/es\/proteccion-y-copyright\/","name":"Protecci\u00f3n y Copyright - OMFB","isPartOf":{"@id":"https:\/\/www.omfb.com\/es\/#website"},"datePublished":"2026-02-19T13:23:14+00:00","dateModified":"2026-02-26T14:13:18+00:00","breadcrumb":{"@id":"https:\/\/www.omfb.com\/es\/proteccion-y-copyright\/#breadcrumb"},"inLanguage":"es","potentialAction":[{"@type":"ReadAction","target":["https:\/\/www.omfb.com\/es\/proteccion-y-copyright\/"]}]},{"@type":"BreadcrumbList","@id":"https:\/\/www.omfb.com\/es\/proteccion-y-copyright\/#breadcrumb","itemListElement":[{"@type":"ListItem","position":1,"name":"Home","item":"https:\/\/www.omfb.com\/es\/home\/"},{"@type":"ListItem","position":2,"name":"Protecci\u00f3n y Copyright"}]},{"@type":"WebSite","@id":"https:\/\/www.omfb.com\/es\/#website","url":"https:\/\/www.omfb.com\/es\/","name":"OMFB","description":"Componenti idraulici","potentialAction":[{"@type":"SearchAction","target":{"@type":"EntryPoint","urlTemplate":"https:\/\/www.omfb.com\/es\/?s={search_term_string}"},"query-input":{"@type":"PropertyValueSpecification","valueRequired":true,"valueName":"search_term_string"}}],"inLanguage":"es"}]}},"_links":{"self":[{"href":"https:\/\/www.omfb.com\/es\/wp-json\/wp\/v2\/pages\/4103","targetHints":{"allow":["GET"]}}],"collection":[{"href":"https:\/\/www.omfb.com\/es\/wp-json\/wp\/v2\/pages"}],"about":[{"href":"https:\/\/www.omfb.com\/es\/wp-json\/wp\/v2\/types\/page"}],"author":[{"embeddable":true,"href":"https:\/\/www.omfb.com\/es\/wp-json\/wp\/v2\/users\/2"}],"replies":[{"embeddable":true,"href":"https:\/\/www.omfb.com\/es\/wp-json\/wp\/v2\/comments?post=4103"}],"version-history":[{"count":1,"href":"https:\/\/www.omfb.com\/es\/wp-json\/wp\/v2\/pages\/4103\/revisions"}],"predecessor-version":[{"id":4104,"href":"https:\/\/www.omfb.com\/es\/wp-json\/wp\/v2\/pages\/4103\/revisions\/4104"}],"wp:attachment":[{"href":"https:\/\/www.omfb.com\/es\/wp-json\/wp\/v2\/media?parent=4103"}],"curies":[{"name":"wp","href":"https:\/\/api.w.org\/{rel}","templated":true}]}}