{"id":4581,"date":"2025-11-28T12:28:16","date_gmt":"2025-11-28T11:28:16","guid":{"rendered":"https:\/\/omfb.dexanet.biz\/die-gruppe\/"},"modified":"2026-03-24T11:30:07","modified_gmt":"2026-03-24T10:30:07","slug":"gruppe","status":"publish","type":"page","link":"https:\/\/www.omfb.com\/de\/gruppe\/","title":{"rendered":"Gruppe"},"content":{"rendered":"\t\t<div data-elementor-type=\"wp-page\" data-elementor-id=\"4581\" class=\"elementor elementor-4581 elementor-17\" data-elementor-post-type=\"page\">\n\t\t\t\t<div class=\"elementor-element elementor-element-5b45b38c e-con-full section-hero e-flex e-con e-parent\" data-id=\"5b45b38c\" data-element_type=\"container\" data-e-type=\"container\" data-settings=\"{&quot;background_background&quot;:&quot;classic&quot;,&quot;background_motion_fx_motion_fx_scrolling&quot;:&quot;yes&quot;,&quot;background_motion_fx_devices&quot;:[&quot;desktop&quot;,&quot;tablet&quot;,&quot;mobile&quot;]}\">\n\t\t<div class=\"elementor-element elementor-element-504fc23b e-con-full e-flex e-con e-child\" data-id=\"504fc23b\" data-element_type=\"container\" data-e-type=\"container\">\n\t\t\t\t<div class=\"elementor-element elementor-element-6c728d84 elementor-invisible elementor-widget elementor-widget-breadcrumbs\" data-id=\"6c728d84\" data-element_type=\"widget\" data-e-type=\"widget\" data-settings=\"{&quot;_animation&quot;:&quot;fadeInUp&quot;}\" data-widget_type=\"breadcrumbs.default\">\n\t\t\t\t\t<p id=\"breadcrumbs\"><span><span><a href=\"https:\/\/www.omfb.com\/de\/home\/\">Home<\/a><\/span><\/span><\/p>\t\t\t\t<\/div>\n\t\t\t\t<div class=\"elementor-element elementor-element-2a959390 elementor-invisible elementor-widget elementor-widget-heading\" data-id=\"2a959390\" data-element_type=\"widget\" data-e-type=\"widget\" data-settings=\"{&quot;_animation&quot;:&quot;fadeInUp&quot;}\" data-widget_type=\"heading.default\">\n\t\t\t\t\t<h1 class=\"elementor-heading-title elementor-size-default\">Die OMFB-Gruppe<\/h1>\t\t\t\t<\/div>\n\t\t\t\t<\/div>\n\t\t\t\t<\/div>\n\t\t<div class=\"elementor-element elementor-element-1fba1326 section-page-title e-grid e-con-boxed e-con e-child\" data-id=\"1fba1326\" data-element_type=\"container\" data-e-type=\"container\">\n\t\t\t\t\t<div class=\"e-con-inner\">\n\t\t\t\t<div class=\"elementor-element elementor-element-2f6b7832 elementor-widget__width-initial elementor-widget-mobile__width-inherit elementor-invisible elementor-widget elementor-widget-text-editor\" data-id=\"2f6b7832\" data-element_type=\"widget\" data-e-type=\"widget\" data-settings=\"{&quot;_animation&quot;:&quot;fadeInUp&quot;}\" data-widget_type=\"text-editor.default\">\n\t\t\t\t\t\t\t\t\t<h6><span style=\"color: #333333;\">Seit mehr als 75 Jahren entwickelt und produziert OMFB hochwertige Hydraulikl\u00f6sungen f\u00fcr den Industrie- und Mobilbereich und verbindet dabei Technologie, Forschung und Produktionskapazit\u00e4ten \u201eMade in Italy\u201c mit einer globalen Pr\u00e4senz.<\/span><\/h6><p> <\/p><p>4 Produktionsst\u00e4tten in Italien und 8 Niederlassungen im Ausland, die synergetisch zusammenarbeiten, um komplette hydraulische L\u00f6sungen f\u00fcr alle Anwendungen anzubieten.<\/p><p>Mehr als 550 Mitarbeiter, die \u00fcber 16.200 verschiedene Produkte f\u00fcr jeden Bedarf entwerfen, herstellen und montieren.<\/p>\t\t\t\t\t\t\t\t<\/div>\n\t\t\t\t<div class=\"elementor-element elementor-element-784967b3 elementor-button-info elementor-align-justify elementor-invisible elementor-widget elementor-widget-button\" data-id=\"784967b3\" data-element_type=\"widget\" data-e-type=\"widget\" data-settings=\"{&quot;_animation&quot;:&quot;fadeInUp&quot;}\" data-widget_type=\"button.default\">\n\t\t\t\t\t\t\t\t\t\t<a class=\"elementor-button elementor-button-link elementor-size-sm\" href=\"https:\/\/www.omfb.com\/catalog\/download\/files\/99741000001.pdf\" target=\"_blank\">\n\t\t\t\t\t\t<span class=\"elementor-button-content-wrapper\">\n\t\t\t\t\t\t<span class=\"elementor-button-icon\">\n\t\t\t\t<svg aria-hidden=\"true\" class=\"e-font-icon-svg e-fas-download\" viewBox=\"0 0 512 512\" xmlns=\"http:\/\/www.w3.org\/2000\/svg\"><path d=\"M216 0h80c13.3 0 24 10.7 24 24v168h87.7c17.8 0 26.7 21.5 14.1 34.1L269.7 378.3c-7.5 7.5-19.8 7.5-27.3 0L90.1 226.1c-12.6-12.6-3.7-34.1 14.1-34.1H192V24c0-13.3 10.7-24 24-24zm296 376v112c0 13.3-10.7 24-24 24H24c-13.3 0-24-10.7-24-24V376c0-13.3 10.7-24 24-24h146.7l49 49c20.1 20.1 52.5 20.1 72.6 0l49-49H488c13.3 0 24 10.7 24 24zm-124 88c0-11-9-20-20-20s-20 9-20 20 9 20 20 20 20-9 20-20zm64 0c0-11-9-20-20-20s-20 9-20 20 9 20 20 20 20-9 20-20z\"><\/path><\/svg>\t\t\t<\/span>\n\t\t\t\t\t\t\t\t\t<span class=\"elementor-button-text\">Unternehmensprofil<\/span>\n\t\t\t\t\t<\/span>\n\t\t\t\t\t<\/a>\n\t\t\t\t\t\t\t\t<\/div>\n\t\t\t\t\t<\/div>\n\t\t\t\t<\/div>\n\t\t<div class=\"elementor-element elementor-element-c39a57e e-flex e-con-boxed e-con e-parent\" data-id=\"c39a57e\" data-element_type=\"container\" data-e-type=\"container\">\n\t\t\t\t\t<div class=\"e-con-inner\">\n\t\t\t\t<div class=\"elementor-element elementor-element-802a032 elementor-widget elementor-widget-video\" data-id=\"802a032\" data-element_type=\"widget\" data-e-type=\"widget\" data-settings=\"{&quot;youtube_url&quot;:&quot;https:\\\/\\\/youtu.be\\\/g6VEx5kdldg&quot;,&quot;video_type&quot;:&quot;youtube&quot;,&quot;controls&quot;:&quot;yes&quot;}\" data-widget_type=\"video.default\">\n\t\t\t\t\t\t\t<div class=\"elementor-wrapper elementor-open-inline\">\n\t\t\t<div class=\"elementor-video\"><\/div>\t\t<\/div>\n\t\t\t\t\t\t<\/div>\n\t\t\t\t\t<\/div>\n\t\t\t\t<\/div>\n\t\t<div class=\"elementor-element elementor-element-a53624f e-con-full e-flex e-con e-parent\" data-id=\"a53624f\" data-element_type=\"container\" data-e-type=\"container\">\n\t\t\t\t<div class=\"elementor-element elementor-element-69388a3 elementor-widget elementor-widget-template\" data-id=\"69388a3\" data-element_type=\"widget\" data-e-type=\"widget\" data-widget_type=\"template.default\">\n\t\t\t\t<div class=\"elementor-widget-container\">\n\t\t\t\t\t\t\t<div class=\"elementor-template\">\n\t\t\t\t\t<div data-elementor-type=\"container\" data-elementor-id=\"5368\" class=\"elementor elementor-5368 elementor-5356 elementor-5356\" data-elementor-post-type=\"elementor_library\">\n\t\t\t\t<div class=\"elementor-element elementor-element-4463a71f section-text e-flex e-con-boxed e-con e-parent\" data-id=\"4463a71f\" data-element_type=\"container\" data-e-type=\"container\" data-settings=\"{&quot;background_background&quot;:&quot;classic&quot;}\">\n\t\t\t\t\t<div class=\"e-con-inner\">\n\t\t\t\t<div class=\"elementor-element elementor-element-96a14b5 elementor-widget__width-initial elementor-invisible elementor-widget elementor-widget-heading\" data-id=\"96a14b5\" data-element_type=\"widget\" data-e-type=\"widget\" data-settings=\"{&quot;_animation&quot;:&quot;fadeInUp&quot;}\" data-widget_type=\"heading.default\">\n\t\t\t\t\t<h2 class=\"elementor-heading-title elementor-size-default\">Unsere<br>Qualit\u00e4tszertifizierungen.<\/h2>\t\t\t\t<\/div>\n\t\t\t\t<div class=\"elementor-element elementor-element-3d30c668 elementor-mobile-align-center elementor-invisible elementor-widget elementor-widget-button\" data-id=\"3d30c668\" data-element_type=\"widget\" data-e-type=\"widget\" data-settings=\"{&quot;_animation&quot;:&quot;fadeInUp&quot;}\" data-widget_type=\"button.default\">\n\t\t\t\t\t\t\t\t\t\t<a class=\"elementor-button elementor-button-link elementor-size-sm\" href=\"https:\/\/www.omfb.com\/de\/gruppe\/zertifizierungen\/\">\n\t\t\t\t\t\t<span class=\"elementor-button-content-wrapper\">\n\t\t\t\t\t\t\t\t\t<span class=\"elementor-button-text\">Erfahren Sie mehr<\/span>\n\t\t\t\t\t<\/span>\n\t\t\t\t\t<\/a>\n\t\t\t\t\t\t\t\t<\/div>\n\t\t<div class=\"elementor-element elementor-element-533b6241 e-grid e-con-full e-con e-child\" data-id=\"533b6241\" data-element_type=\"container\" data-e-type=\"container\">\n\t\t\t\t<div class=\"elementor-element elementor-element-472e5501 certificazione-link elementor-invisible elementor-widget elementor-widget-text-editor\" data-id=\"472e5501\" data-element_type=\"widget\" data-e-type=\"widget\" data-settings=\"{&quot;_animation&quot;:&quot;fadeInUp&quot;}\" data-widget_type=\"text-editor.default\">\n\t\t\t\t\t\t\t\t\t<p><strong>Unternehmen mit DNV-zertifiziertem Qualit\u00e4tssystem<\/strong><br><span class=\"h3\">ISO 9001<\/span><\/p>\t\t\t\t\t\t\t\t<\/div>\n\t\t\t\t<div class=\"elementor-element elementor-element-625afb01 certificazione-link elementor-invisible elementor-widget elementor-widget-text-editor\" data-id=\"625afb01\" data-element_type=\"widget\" data-e-type=\"widget\" data-settings=\"{&quot;_animation&quot;:&quot;fadeInUp&quot;}\" data-widget_type=\"text-editor.default\">\n\t\t\t\t\t\t\t\t\t<p><strong>Unternehmen mit DNV-zertifiziertem Qualit\u00e4tssystem<\/strong><br><span class=\"h3\">ISO 14001<\/span><\/p>\t\t\t\t\t\t\t\t<\/div>\n\t\t\t\t<div class=\"elementor-element elementor-element-6142830e certificazione-link elementor-invisible elementor-widget elementor-widget-text-editor\" data-id=\"6142830e\" data-element_type=\"widget\" data-e-type=\"widget\" data-settings=\"{&quot;_animation&quot;:&quot;fadeInUp&quot;}\" data-widget_type=\"text-editor.default\">\n\t\t\t\t\t\t\t\t\t<p><strong>Unternehmen mit von DNV zertifiziertem Umweltsystem<\/strong><br><span class=\"h3\">IATF 16949<\/span><\/p>\t\t\t\t\t\t\t\t<\/div>\n\t\t\t\t<\/div>\n\t\t\t\t\t<\/div>\n\t\t\t\t<\/div>\n\t\t\t\t<\/div>\n\t\t\t\t<\/div>\n\t\t\t\t\t\t<\/div>\n\t\t\t\t<\/div>\n\t\t\t\t<\/div>\n\t\t<div class=\"elementor-element elementor-element-3ea59ef section-foto-video-full e-flex e-con-boxed e-con e-parent\" data-id=\"3ea59ef\" data-element_type=\"container\" data-e-type=\"container\" data-settings=\"{&quot;background_background&quot;:&quot;classic&quot;}\">\n\t\t\t\t\t<div class=\"e-con-inner\">\n\t\t\t\t<div class=\"elementor-element elementor-element-dbff4d0 elementor-invisible elementor-widget elementor-widget-heading\" data-id=\"dbff4d0\" data-element_type=\"widget\" data-e-type=\"widget\" data-settings=\"{&quot;_animation&quot;:&quot;fadeInUp&quot;}\" data-widget_type=\"heading.default\">\n\t\t\t\t\t<h2 class=\"elementor-heading-title elementor-size-default\">Mehr als 75 Jahre Geschichte<\/h2>\t\t\t\t<\/div>\n\t\t\t\t<div class=\"elementor-element elementor-element-3cb4f7b elementor-invisible elementor-widget elementor-widget-text-editor\" data-id=\"3cb4f7b\" data-element_type=\"widget\" data-e-type=\"widget\" data-settings=\"{&quot;_animation&quot;:&quot;fadeInUp&quot;}\" data-widget_type=\"text-editor.default\">\n\t\t\t\t\t\t\t\t\t<p>Jeden Tag mit derselben Leidenschaft geschrieben.<\/p>\t\t\t\t\t\t\t\t<\/div>\n\t\t\t\t<div class=\"elementor-element elementor-element-6463e50 elementor-invisible elementor-widget elementor-widget-button\" data-id=\"6463e50\" data-element_type=\"widget\" data-e-type=\"widget\" data-settings=\"{&quot;_animation&quot;:&quot;fadeInUp&quot;}\" data-widget_type=\"button.default\">\n\t\t\t\t\t\t\t\t\t\t<a class=\"elementor-button elementor-button-link elementor-size-sm\" href=\"https:\/\/www.omfb.com\/de\/gruppe\/geschichte\/\">\n\t\t\t\t\t\t<span class=\"elementor-button-content-wrapper\">\n\t\t\t\t\t\t\t\t\t<span class=\"elementor-button-text\">Entdecken Sie unsere Geschichte<\/span>\n\t\t\t\t\t<\/span>\n\t\t\t\t\t<\/a>\n\t\t\t\t\t\t\t\t<\/div>\n\t\t\t\t\t<\/div>\n\t\t\t\t<\/div>\n\t\t<div class=\"elementor-element elementor-element-6deceb8 section-page-title e-flex e-con-boxed e-con e-child\" data-id=\"6deceb8\" data-element_type=\"container\" data-e-type=\"container\">\n\t\t\t\t\t<div class=\"e-con-inner\">\n\t\t\t\t<div class=\"elementor-element elementor-element-6934fbf elementor-invisible elementor-widget elementor-widget-heading\" data-id=\"6934fbf\" data-element_type=\"widget\" data-e-type=\"widget\" data-settings=\"{&quot;_animation&quot;:&quot;fadeInUp&quot;}\" data-widget_type=\"heading.default\">\n\t\t\t\t\t<h1 class=\"elementor-heading-title elementor-size-default\">Die OMFB-Niederlassungen<\/h1>\t\t\t\t<\/div>\n\t\t\t\t<div class=\"elementor-element elementor-element-a546c53 elementor-invisible elementor-widget elementor-widget-heading\" data-id=\"a546c53\" data-element_type=\"widget\" data-e-type=\"widget\" data-settings=\"{&quot;_animation&quot;:&quot;fadeInUp&quot;}\" data-widget_type=\"heading.default\">\n\t\t\t\t\t<h2 class=\"elementor-heading-title elementor-size-default\">Eine globale Pr\u00e4senz, ganz nah an Ihren Bed\u00fcrfnissen.<\/h2>\t\t\t\t<\/div>\n\t\t\t\t\t<\/div>\n\t\t\t\t<\/div>\n\t\t<div class=\"elementor-element elementor-element-df51be1 e-grid e-con-full e-con e-parent\" data-id=\"df51be1\" data-element_type=\"container\" data-e-type=\"container\">\n\t\t<div class=\"elementor-element elementor-element-72859a4 e-con-full text-on-map e-flex elementor-invisible e-con e-child\" data-id=\"72859a4\" data-element_type=\"container\" data-e-type=\"container\" data-settings=\"{&quot;animation&quot;:&quot;fadeInUp&quot;}\">\n\t\t<div class=\"elementor-element elementor-element-2a8a87a e-con-full e-flex e-con e-child\" data-id=\"2a8a87a\" data-element_type=\"container\" data-e-type=\"container\">\n\t\t\t\t<div class=\"elementor-element elementor-element-bb66920 elementor-widget elementor-widget-heading\" data-id=\"bb66920\" data-element_type=\"widget\" data-e-type=\"widget\" data-widget_type=\"heading.default\">\n\t\t\t\t\t<div class=\"elementor-heading-title elementor-size-default\">8<\/div>\t\t\t\t<\/div>\n\t\t\t\t<div class=\"elementor-element elementor-element-f283dc4 elementor-widget elementor-widget-heading\" data-id=\"f283dc4\" data-element_type=\"widget\" data-e-type=\"widget\" data-widget_type=\"heading.default\">\n\t\t\t\t\t<div class=\"elementor-heading-title elementor-size-default\">Auslandsniederlassungen<\/div>\t\t\t\t<\/div>\n\t\t\t\t<\/div>\n\t\t\t\t<div class=\"elementor-element elementor-element-78c53d8 elementor-widget elementor-widget-button\" data-id=\"78c53d8\" data-element_type=\"widget\" data-e-type=\"widget\" data-widget_type=\"button.default\">\n\t\t\t\t\t\t\t\t\t\t<a class=\"elementor-button elementor-button-link elementor-size-sm\" href=\"https:\/\/www.omfb.com\/de\/gruppe\/filialen\/\">\n\t\t\t\t\t\t<span class=\"elementor-button-content-wrapper\">\n\t\t\t\t\t\t\t\t\t<span class=\"elementor-button-text\">Entdecken Sie die Filialen<\/span>\n\t\t\t\t\t<\/span>\n\t\t\t\t\t<\/a>\n\t\t\t\t\t\t\t\t<\/div>\n\t\t<div class=\"elementor-element elementor-element-d8e8855 e-con-full e-flex e-con e-child\" data-id=\"d8e8855\" data-element_type=\"container\" data-e-type=\"container\">\n\t\t\t\t<div class=\"elementor-element elementor-element-601e31f elementor-widget elementor-widget-heading\" data-id=\"601e31f\" data-element_type=\"widget\" data-e-type=\"widget\" data-widget_type=\"heading.default\">\n\t\t\t\t\t<div class=\"elementor-heading-title elementor-size-default\">75+<\/div>\t\t\t\t<\/div>\n\t\t\t\t<div class=\"elementor-element elementor-element-7ac3a61 elementor-widget elementor-widget-heading\" data-id=\"7ac3a61\" data-element_type=\"widget\" data-e-type=\"widget\" data-widget_type=\"heading.default\">\n\t\t\t\t\t<div class=\"elementor-heading-title elementor-size-default\">Autorisierte\nVertriebsh\u00e4ndler<\/div>\t\t\t\t<\/div>\n\t\t\t\t<\/div>\n\t\t\t\t<\/div>\n\t\t\t\t<div class=\"elementor-element elementor-element-cac0807 elementor-invisible elementor-widget elementor-widget-image\" data-id=\"cac0807\" data-element_type=\"widget\" data-e-type=\"widget\" data-settings=\"{&quot;_animation&quot;:&quot;fadeInUp&quot;}\" data-widget_type=\"image.default\">\n\t\t\t\t\t\t\t\t\t\t\t\t\t\t\t<img fetchpriority=\"high\" decoding=\"async\" width=\"2560\" height=\"1536\" src=\"https:\/\/www.omfb.com\/wp-content\/uploads\/OMFB-Global-Map-scaled.png\" class=\"attachment-full size-full wp-image-4579\" alt=\"\" srcset=\"https:\/\/www.omfb.com\/wp-content\/uploads\/OMFB-Global-Map-scaled.png 2560w, https:\/\/www.omfb.com\/wp-content\/uploads\/OMFB-Global-Map-1536x922.png 1536w, https:\/\/www.omfb.com\/wp-content\/uploads\/OMFB-Global-Map-2048x1229.png 2048w\" sizes=\"(max-width: 2560px) 100vw, 2560px\" \/>\t\t\t\t\t\t\t\t\t\t\t\t\t\t\t<\/div>\n\t\t\t\t<\/div>\n\t\t<div class=\"elementor-element elementor-element-d963ddd e-con-full e-flex e-con e-parent\" data-id=\"d963ddd\" data-element_type=\"container\" data-e-type=\"container\">\n\t\t\t\t<div class=\"elementor-element elementor-element-4524501 elementor-widget elementor-widget-template\" data-id=\"4524501\" data-element_type=\"widget\" data-e-type=\"widget\" data-widget_type=\"template.default\">\n\t\t\t\t<div class=\"elementor-widget-container\">\n\t\t\t\t\t\t\t<div class=\"elementor-template\">\n\t\t\t\t\t<div data-elementor-type=\"container\" data-elementor-id=\"5238\" class=\"elementor elementor-5238 elementor-5180 elementor-5180\" data-elementor-post-type=\"elementor_library\">\n\t\t\t\t<div class=\"elementor-element elementor-element-69277aa0 section-foto-video-full e-con-full e-flex e-con e-parent\" data-id=\"69277aa0\" data-element_type=\"container\" data-e-type=\"container\" data-settings=\"{&quot;background_background&quot;:&quot;classic&quot;}\">\n\t\t<div class=\"elementor-element elementor-element-4318865f e-grid e-con-boxed e-con e-child\" data-id=\"4318865f\" data-element_type=\"container\" data-e-type=\"container\">\n\t\t\t\t\t<div class=\"e-con-inner\">\n\t\t\t\t<div class=\"elementor-element elementor-element-6046eb5a elementor-invisible elementor-widget elementor-widget-heading\" data-id=\"6046eb5a\" data-element_type=\"widget\" data-e-type=\"widget\" data-settings=\"{&quot;_animation&quot;:&quot;fadeInUp&quot;}\" data-widget_type=\"heading.default\">\n\t\t\t\t\t<h2 class=\"elementor-heading-title elementor-size-default\">M\u00f6chten Sie weitere Informationen \u00fcber OMFB und unsere Produkte erhalten?<\/h2>\t\t\t\t<\/div>\n\t\t\t\t<div class=\"elementor-element elementor-element-4afaf574 elementor-invisible elementor-widget elementor-widget-button\" data-id=\"4afaf574\" data-element_type=\"widget\" data-e-type=\"widget\" data-settings=\"{&quot;_animation&quot;:&quot;fadeInUp&quot;}\" data-widget_type=\"button.default\">\n\t\t\t\t\t\t\t\t\t\t<a class=\"elementor-button elementor-button-link elementor-size-sm\" href=\"https:\/\/www.omfb.com\/de\/kontakte\/\">\n\t\t\t\t\t\t<span class=\"elementor-button-content-wrapper\">\n\t\t\t\t\t\t\t\t\t<span class=\"elementor-button-text\">Kontaktieren Sie uns<\/span>\n\t\t\t\t\t<\/span>\n\t\t\t\t\t<\/a>\n\t\t\t\t\t\t\t\t<\/div>\n\t\t\t\t\t<\/div>\n\t\t\t\t<\/div>\n\t\t\t\t<\/div>\n\t\t\t\t<\/div>\n\t\t\t\t<\/div>\n\t\t\t\t\t\t<\/div>\n\t\t\t\t<\/div>\n\t\t\t\t<\/div>\n\t\t\t\t<\/div>\n\t\t","protected":false},"excerpt":{"rendered":"<p>Die OMFB-Gruppe Seit mehr als 75 Jahren entwickelt und produziert OMFB hochwertige Hydraulikl\u00f6sungen f\u00fcr den Industrie- und Mobilbereich und verbindet dabei Technologie, Forschung und Produktionskapazit\u00e4ten \u201eMade in Italy\u201c mit einer globalen Pr\u00e4senz. 4 Produktionsst\u00e4tten in Italien und 8 Niederlassungen im Ausland, die synergetisch zusammenarbeiten, um komplette hydraulische L\u00f6sungen f\u00fcr alle Anwendungen anzubieten. Mehr als 550 &hellip; <a href=\"https:\/\/www.omfb.com\/de\/gruppe\/\">Continued<\/a><\/p>\n","protected":false},"author":1,"featured_media":0,"parent":0,"menu_order":4,"comment_status":"closed","ping_status":"closed","template":"","meta":{"_acf_changed":false,"footnotes":""},"class_list":["post-4581","page","type-page","status-publish","hentry"],"acf":[],"yoast_head":"<!-- This site is optimized with the Yoast SEO plugin v26.9 - https:\/\/yoast.com\/product\/yoast-seo-wordpress\/ -->\n<title>OMFB-Gruppe: \u00fcber 550 Mitarbeiter, 4 Produktionsstandorte, 8 internationale Filialen<\/title>\n<meta name=\"description\" content=\"Entdecken Sie alle Details zur OMFB Hydraulics Group: 4 Produktionsst\u00e4tten in Italien, 8 internationale Filialen, 4 Gesch\u00e4ftsbereiche, mehr als 550 Mitarbeiter.\" \/>\n<meta name=\"robots\" content=\"index, follow, max-snippet:-1, max-image-preview:large, max-video-preview:-1\" \/>\n<link rel=\"canonical\" href=\"https:\/\/www.omfb.com\/de\/gruppe\/\" \/>\n<meta property=\"og:locale\" content=\"de_DE\" \/>\n<meta property=\"og:type\" content=\"article\" \/>\n<meta property=\"og:title\" content=\"OMFB-Gruppe: \u00fcber 550 Mitarbeiter, 4 Produktionsstandorte, 8 internationale Filialen\" \/>\n<meta property=\"og:description\" content=\"Entdecken Sie alle Details zur OMFB Hydraulics Group: 4 Produktionsst\u00e4tten in Italien, 8 internationale Filialen, 4 Gesch\u00e4ftsbereiche, mehr als 550 Mitarbeiter.\" \/>\n<meta property=\"og:url\" content=\"https:\/\/www.omfb.com\/de\/gruppe\/\" \/>\n<meta property=\"og:site_name\" content=\"OMFB\" \/>\n<meta property=\"article:modified_time\" content=\"2026-03-24T10:30:07+00:00\" \/>\n<meta property=\"og:image\" content=\"https:\/\/www.omfb.com\/wp-content\/uploads\/OMFB-Global-Map-scaled.png\" \/>\n\t<meta property=\"og:image:width\" content=\"2560\" \/>\n\t<meta property=\"og:image:height\" content=\"1536\" \/>\n\t<meta property=\"og:image:type\" content=\"image\/png\" \/>\n<meta name=\"twitter:card\" content=\"summary_large_image\" \/>\n<meta name=\"twitter:label1\" content=\"Gesch\u00e4tzte Lesezeit\" \/>\n\t<meta name=\"twitter:data1\" content=\"1\u00a0Minute\" \/>\n<script type=\"application\/ld+json\" class=\"yoast-schema-graph\">{\"@context\":\"https:\/\/schema.org\",\"@graph\":[{\"@type\":\"WebPage\",\"@id\":\"https:\/\/www.omfb.com\/de\/gruppe\/\",\"url\":\"https:\/\/www.omfb.com\/de\/gruppe\/\",\"name\":\"OMFB-Gruppe: \u00fcber 550 Mitarbeiter, 4 Produktionsstandorte, 8 internationale Filialen\",\"isPartOf\":{\"@id\":\"https:\/\/www.omfb.com\/de\/#website\"},\"primaryImageOfPage\":{\"@id\":\"https:\/\/www.omfb.com\/de\/gruppe\/#primaryimage\"},\"image\":{\"@id\":\"https:\/\/www.omfb.com\/de\/gruppe\/#primaryimage\"},\"thumbnailUrl\":\"https:\/\/www.omfb.com\/wp-content\/uploads\/OMFB-Global-Map-scaled.png\",\"datePublished\":\"2025-11-28T11:28:16+00:00\",\"dateModified\":\"2026-03-24T10:30:07+00:00\",\"description\":\"Entdecken Sie alle Details zur OMFB Hydraulics Group: 4 Produktionsst\u00e4tten in Italien, 8 internationale Filialen, 4 Gesch\u00e4ftsbereiche, mehr als 550 Mitarbeiter.\",\"breadcrumb\":{\"@id\":\"https:\/\/www.omfb.com\/de\/gruppe\/#breadcrumb\"},\"inLanguage\":\"de\",\"potentialAction\":[{\"@type\":\"ReadAction\",\"target\":[\"https:\/\/www.omfb.com\/de\/gruppe\/\"]}]},{\"@type\":\"ImageObject\",\"inLanguage\":\"de\",\"@id\":\"https:\/\/www.omfb.com\/de\/gruppe\/#primaryimage\",\"url\":\"https:\/\/www.omfb.com\/wp-content\/uploads\/OMFB-Global-Map-scaled.png\",\"contentUrl\":\"https:\/\/www.omfb.com\/wp-content\/uploads\/OMFB-Global-Map-scaled.png\"},{\"@type\":\"BreadcrumbList\",\"@id\":\"https:\/\/www.omfb.com\/de\/gruppe\/#breadcrumb\",\"itemListElement\":[{\"@type\":\"ListItem\",\"position\":1,\"name\":\"Home\",\"item\":\"https:\/\/www.omfb.com\/de\/home\/\"},{\"@type\":\"ListItem\",\"position\":2,\"name\":\"Gruppe\"}]},{\"@type\":\"WebSite\",\"@id\":\"https:\/\/www.omfb.com\/de\/#website\",\"url\":\"https:\/\/www.omfb.com\/de\/\",\"name\":\"OMFB\",\"description\":\"Componenti idraulici\",\"potentialAction\":[{\"@type\":\"SearchAction\",\"target\":{\"@type\":\"EntryPoint\",\"urlTemplate\":\"https:\/\/www.omfb.com\/de\/?s={search_term_string}\"},\"query-input\":{\"@type\":\"PropertyValueSpecification\",\"valueRequired\":true,\"valueName\":\"search_term_string\"}}],\"inLanguage\":\"de\"}]}<\/script>\n<!-- \/ Yoast SEO plugin. -->","yoast_head_json":{"title":"OMFB-Gruppe: \u00fcber 550 Mitarbeiter, 4 Produktionsstandorte, 8 internationale Filialen","description":"Entdecken Sie alle Details zur OMFB Hydraulics Group: 4 Produktionsst\u00e4tten in Italien, 8 internationale Filialen, 4 Gesch\u00e4ftsbereiche, mehr als 550 Mitarbeiter.","robots":{"index":"index","follow":"follow","max-snippet":"max-snippet:-1","max-image-preview":"max-image-preview:large","max-video-preview":"max-video-preview:-1"},"canonical":"https:\/\/www.omfb.com\/de\/gruppe\/","og_locale":"de_DE","og_type":"article","og_title":"OMFB-Gruppe: \u00fcber 550 Mitarbeiter, 4 Produktionsstandorte, 8 internationale Filialen","og_description":"Entdecken Sie alle Details zur OMFB Hydraulics Group: 4 Produktionsst\u00e4tten in Italien, 8 internationale Filialen, 4 Gesch\u00e4ftsbereiche, mehr als 550 Mitarbeiter.","og_url":"https:\/\/www.omfb.com\/de\/gruppe\/","og_site_name":"OMFB","article_modified_time":"2026-03-24T10:30:07+00:00","og_image":[{"width":2560,"height":1536,"url":"https:\/\/www.omfb.com\/wp-content\/uploads\/OMFB-Global-Map-scaled.png","type":"image\/png"}],"twitter_card":"summary_large_image","twitter_misc":{"Gesch\u00e4tzte Lesezeit":"1\u00a0Minute"},"schema":{"@context":"https:\/\/schema.org","@graph":[{"@type":"WebPage","@id":"https:\/\/www.omfb.com\/de\/gruppe\/","url":"https:\/\/www.omfb.com\/de\/gruppe\/","name":"OMFB-Gruppe: \u00fcber 550 Mitarbeiter, 4 Produktionsstandorte, 8 internationale Filialen","isPartOf":{"@id":"https:\/\/www.omfb.com\/de\/#website"},"primaryImageOfPage":{"@id":"https:\/\/www.omfb.com\/de\/gruppe\/#primaryimage"},"image":{"@id":"https:\/\/www.omfb.com\/de\/gruppe\/#primaryimage"},"thumbnailUrl":"https:\/\/www.omfb.com\/wp-content\/uploads\/OMFB-Global-Map-scaled.png","datePublished":"2025-11-28T11:28:16+00:00","dateModified":"2026-03-24T10:30:07+00:00","description":"Entdecken Sie alle Details zur OMFB Hydraulics Group: 4 Produktionsst\u00e4tten in Italien, 8 internationale Filialen, 4 Gesch\u00e4ftsbereiche, mehr als 550 Mitarbeiter.","breadcrumb":{"@id":"https:\/\/www.omfb.com\/de\/gruppe\/#breadcrumb"},"inLanguage":"de","potentialAction":[{"@type":"ReadAction","target":["https:\/\/www.omfb.com\/de\/gruppe\/"]}]},{"@type":"ImageObject","inLanguage":"de","@id":"https:\/\/www.omfb.com\/de\/gruppe\/#primaryimage","url":"https:\/\/www.omfb.com\/wp-content\/uploads\/OMFB-Global-Map-scaled.png","contentUrl":"https:\/\/www.omfb.com\/wp-content\/uploads\/OMFB-Global-Map-scaled.png"},{"@type":"BreadcrumbList","@id":"https:\/\/www.omfb.com\/de\/gruppe\/#breadcrumb","itemListElement":[{"@type":"ListItem","position":1,"name":"Home","item":"https:\/\/www.omfb.com\/de\/home\/"},{"@type":"ListItem","position":2,"name":"Gruppe"}]},{"@type":"WebSite","@id":"https:\/\/www.omfb.com\/de\/#website","url":"https:\/\/www.omfb.com\/de\/","name":"OMFB","description":"Componenti idraulici","potentialAction":[{"@type":"SearchAction","target":{"@type":"EntryPoint","urlTemplate":"https:\/\/www.omfb.com\/de\/?s={search_term_string}"},"query-input":{"@type":"PropertyValueSpecification","valueRequired":true,"valueName":"search_term_string"}}],"inLanguage":"de"}]}},"_links":{"self":[{"href":"https:\/\/www.omfb.com\/de\/wp-json\/wp\/v2\/pages\/4581","targetHints":{"allow":["GET"]}}],"collection":[{"href":"https:\/\/www.omfb.com\/de\/wp-json\/wp\/v2\/pages"}],"about":[{"href":"https:\/\/www.omfb.com\/de\/wp-json\/wp\/v2\/types\/page"}],"author":[{"embeddable":true,"href":"https:\/\/www.omfb.com\/de\/wp-json\/wp\/v2\/users\/1"}],"replies":[{"embeddable":true,"href":"https:\/\/www.omfb.com\/de\/wp-json\/wp\/v2\/comments?post=4581"}],"version-history":[{"count":13,"href":"https:\/\/www.omfb.com\/de\/wp-json\/wp\/v2\/pages\/4581\/revisions"}],"predecessor-version":[{"id":5930,"href":"https:\/\/www.omfb.com\/de\/wp-json\/wp\/v2\/pages\/4581\/revisions\/5930"}],"wp:attachment":[{"href":"https:\/\/www.omfb.com\/de\/wp-json\/wp\/v2\/media?parent=4581"}],"curies":[{"name":"wp","href":"https:\/\/api.w.org\/{rel}","templated":true}]}}