{"id":4572,"date":"2026-02-19T14:23:14","date_gmt":"2026-02-19T13:23:14","guid":{"rendered":"https:\/\/omfb.dexanet.biz\/schutzrechte-und-copyright\/"},"modified":"2026-03-03T12:14:40","modified_gmt":"2026-03-03T11:14:40","slug":"schutzrechte-und-copyright","status":"publish","type":"page","link":"https:\/\/www.omfb.com\/de\/schutzrechte-und-copyright\/","title":{"rendered":"Schutzrechte und Copyright"},"content":{"rendered":"\t\t<div data-elementor-type=\"wp-page\" data-elementor-id=\"4572\" class=\"elementor elementor-4572 elementor-3355\" data-elementor-post-type=\"page\">\n\t\t\t\t<div class=\"elementor-element elementor-element-7c47c81d section-page-title e-flex e-con-boxed e-con e-child\" data-id=\"7c47c81d\" data-element_type=\"container\" data-e-type=\"container\">\n\t\t\t\t\t<div class=\"e-con-inner\">\n\t\t\t\t<div class=\"elementor-element elementor-element-593f49ed elementor-invisible elementor-widget elementor-widget-breadcrumbs\" data-id=\"593f49ed\" data-element_type=\"widget\" data-e-type=\"widget\" data-settings=\"{&quot;_animation&quot;:&quot;fadeInUp&quot;}\" data-widget_type=\"breadcrumbs.default\">\n\t\t\t\t\t<p id=\"breadcrumbs\"><span><span><a href=\"https:\/\/www.omfb.com\/de\/home\/\">Home<\/a><\/span><\/span><\/p>\t\t\t\t<\/div>\n\t\t\t\t<div class=\"elementor-element elementor-element-6068b53c elementor-invisible elementor-widget elementor-widget-heading\" data-id=\"6068b53c\" data-element_type=\"widget\" data-e-type=\"widget\" data-settings=\"{&quot;_animation&quot;:&quot;fadeInUp&quot;}\" data-widget_type=\"heading.default\">\n\t\t\t\t\t<h1 class=\"elementor-heading-title elementor-size-default\">Schutzrechte und Copyright<\/h1>\t\t\t\t<\/div>\n\t\t\t\t\t<\/div>\n\t\t\t\t<\/div>\n\t\t<div class=\"elementor-element elementor-element-bc0d7cd e-flex e-con-boxed e-con e-parent\" data-id=\"bc0d7cd\" data-element_type=\"container\" data-e-type=\"container\">\n\t\t\t\t\t<div class=\"e-con-inner\">\n\t\t\t\t<div class=\"elementor-element elementor-element-b594527 elementor-widget elementor-widget-text-editor\" data-id=\"b594527\" data-element_type=\"widget\" data-e-type=\"widget\" data-widget_type=\"text-editor.default\">\n\t\t\t\t\t\t\t\t\t<h5><span style=\"color: #000000;\">HINWEISE<\/span><\/h5><p>Chiunque contatti questo sito (da qui in avanti denominato &#8222;Sito&#8220;) accetta le regole, i termini e le condizioni qui riportate (da qui in avanti denominate &#8222;Regole&#8220;) e quelle indicate nelle altre pagine del Sito.\nQualora queste condizioni non fossero da Voi accettate siete pregati di abbandonare il Sito.\nChiunque acceder\u00e0 alle altre pagine del Sito manifester\u00e0, nei fatti, l\u2019accettazione delle Regole.\nOMFB S.p.A. \u00e8 libera di modificare, in qualsiasi momento ed in qualsiasi modo le Regole senza che sia tenuta a renderne conto a chicchessia.   <\/p><h5><span style=\"color: #000000;\">ZWECK DER SITE<\/span><\/h5><p>Alleiniger Zweck der Site ist es, die Produkte und Dienstleistungen der OMFB S.p.A. zu illustrieren und bekannt zu machen, f\u00fcr sie zu werben sowie die sie betreffenden Informationen (im Weiteren &#8222;Informationen&#8220; genannt) bereit zu stellen. Keine der in der Site enthaltenen Informationen kann, sofern dies nicht ausdr\u00fccklich angegeben wird, als Auslobung oder als verbindlich f\u00fcr Verhandlungen und kommerzielle Beziehungen angesehen werden. Alle in der Site enthaltenen Informationen sind als unverbindliche Informationen anzusehen, auf die keinerlei Anspr\u00fcche gegen\u00fcber der OMFB S.p.A., den Verwaltern der Site oder Drittparteien, auf die in der Site mittels Link verwiesen wird, gegr\u00fcndet werden k\u00f6nnen.<\/p><h5><span style=\"color: #000000;\">VERWENDUNG VON MARKENZEICHEN, BILDERN, FOTOS, ZEICHNUNGEN, T\u00d6NEN, FILMEN UND SOFTWARE<\/span><\/h5><p>Vorbehaltlich ausdr\u00fccklicher anders lautender Angaben sind alle Markenzeichen, Logos, Bilder, Zeichnungen, T\u00f6ne, Musiken, Filme, Software oder sonstigen Inhalte der Site (im Weiteren &#8222;Objekte&#8220; genannt) durch die entsprechenden Eigentumsrechte gesch\u00fctzt, wie z.B. (unvollst\u00e4ndige Aufz\u00e4hlung) Markenrechte, Patentrechte, Autorenrechte usw. Diese Rechte sind s\u00e4mtlich legitimes Eigentum von OMFB S.p.A. oder wurden OMFB S.p.A. von den rechtm\u00e4\u00dfigen Eigent\u00fcmern in Lizenz gegeben. Jeder Gebrauch der Objekte mit Ausnahme des strikt pers\u00f6nlichen Gebrauchs ist daher verboten (vollst\u00e4ndige oder teilweise Reproduktion, Hardcopy). Unter strikten pers\u00f6nlichen Zwecken ist die Archivierung im eigenen Personal Computer oder der Ausdruck der Objekte zum Zweck der Aufbewahrung zum pers\u00f6nlichen Gebrauch zu verstehen. Als nicht pers\u00f6nlicher und daher verbotener Gebrauch sind daher die Verteilung und \u00dcbertragung zu betrachten einschlie\u00dflich der Verf\u00fcgbarmachung der Objekte in anderen Sites, ihrer \u00c4nderung, Ver\u00f6ffentlichung und Weiterverwendung durch Einf\u00fcgen in andere Dokumente oder Dateien sowie jeder Art der Aufbereitung. OMFB S.p.A. ist in keiner Weise verantwortlich und kann nicht haftbar gemacht werden f\u00fcr die Verletzung der Rechte, die die Eigent\u00fcmer der an OMFB S.p.A. in Lizenz gegebenen Objekte gegen\u00fcber den Benutzern der Site, die in irgendeiner Weise diese Rechte verletzt haben, beanstanden k\u00f6nnten. Die Verantwortung f\u00fcr diese Verletzungen tr\u00e4gt der Benutzer der Site, der sie begangen hat.     <\/p><h5><span style=\"color: #000000;\">SCH\u00c4DEN INFOLGE VON ANSCHL\u00dcSSEN<\/span><\/h5><p>OMFB S.p.A. ist in keiner Weise verantwortlich f\u00fcr Sch\u00e4den infolge des Zugriffs auf die Site und der Verwendung und des Herunterladens der in ihr enthaltenen Objekte, unabh\u00e4ngig davon, ob diese Sch\u00e4den auf M\u00e4ngel, Fehler oder Sonstiges oder auf die Unkenntnis im Gebrauch des in der Site enthaltenen Materials zur\u00fcckzuf\u00fchren sind.<\/p><h5><span style=\"color: #000000;\">LINK<\/span><\/h5><p>OMFB S.p.A. ist nicht f\u00fcr den Inhalt der gelinkten Seiten verantwortlich.<\/p><h5><span style=\"color: #000000;\">RICHTIGKEIT, VERBINDLICHKEIT UND VOLLST\u00c4NDIGKEIT DER INFORMATIONEN, DER ANGEBOTE UND DER IN DER SITE ILLUSTRIERTEN DIENSTLEISTUNGEN &#8211; TERRITORIALIT\u00c4T DER INFORMATIONEN &#8211; HAFTUNGSAUSSCHLUSS<\/span><\/h5><p>Da die Informationen v\u00f6llig unverbindlich sind, wird nicht f\u00fcr ihre Richtigkeit und Vollst\u00e4ndigkeit garantiert. Ausgeschlossen ist auch, dass aus irgendeiner in der Site enthaltene Information eine Verpflichtung f\u00fcr OMFB S.p.A. oder andere Subjekte, die genannt oder auf die mittels Link von der Site verwiesen wird, entsteht. Insbesondere ist ausgeschlossen, dass die in der Site enthaltenen Informationen f\u00fcr alle L\u00e4nder gelten, von denen aus die Site kontaktiert werden kann. Jeder Benutzer, der pr\u00e4zise und detaillierte Informationen w\u00fcnscht, muss die Organisationen von OMFB S.p.A. in seinem Land kontaktieren. Es ist auch m\u00f6glich, dass die in der Site enthaltenen Informationen von OMFB S.p.A. zu einem beliebigen Zeitpunkt nach freiem Ermessen und aus einem beliebigen Grund ge\u00e4ndert werden, ohne dass die Angaben vor oder nach der \u00c4nderung OMFB S.p.A. in irgendeiner Weise binden.    <\/p>\t\t\t\t\t\t\t\t<\/div>\n\t\t\t\t\t<\/div>\n\t\t\t\t<\/div>\n\t\t\t\t<\/div>\n\t\t","protected":false},"excerpt":{"rendered":"<p>HINWEISE Chiunque contatti questo sito (da qui in avanti denominato &#8222;Sito&#8220;) accetta le regole, i termini e le condizioni qui riportate (da qui in avanti denominate &#8222;Regole&#8220;) e quelle indicate nelle altre pagine del Sito. Qualora queste condizioni non fossero da Voi accettate siete pregati di abbandonare il Sito. Chiunque acceder\u00e0 alle altre pagine del &hellip; <a href=\"https:\/\/www.omfb.com\/de\/schutzrechte-und-copyright\/\">Continued<\/a><\/p>\n","protected":false},"author":2,"featured_media":0,"parent":0,"menu_order":0,"comment_status":"closed","ping_status":"closed","template":"","meta":{"_acf_changed":false,"footnotes":""},"class_list":["post-4572","page","type-page","status-publish","hentry"],"acf":[],"yoast_head":"<!-- This site is optimized with the Yoast SEO plugin v26.9 - https:\/\/yoast.com\/product\/yoast-seo-wordpress\/ -->\n<title>Schutzrechte und Copyright - OMFB<\/title>\n<meta name=\"robots\" content=\"index, follow, max-snippet:-1, max-image-preview:large, max-video-preview:-1\" \/>\n<link rel=\"canonical\" href=\"https:\/\/www.omfb.com\/de\/schutzrechte-und-copyright\/\" \/>\n<meta property=\"og:locale\" content=\"de_DE\" \/>\n<meta property=\"og:type\" content=\"article\" \/>\n<meta property=\"og:title\" content=\"Schutzrechte und Copyright - OMFB\" \/>\n<meta property=\"og:description\" content=\"HINWEISE Chiunque contatti questo sito (da qui in avanti denominato &#8222;Sito&#8220;) accetta le regole, i termini e le condizioni qui riportate (da qui in avanti denominate &#8222;Regole&#8220;) e quelle indicate nelle altre pagine del Sito. Qualora queste condizioni non fossero da Voi accettate siete pregati di abbandonare il Sito. Chiunque acceder\u00e0 alle altre pagine del &hellip; Continued\" \/>\n<meta property=\"og:url\" content=\"https:\/\/www.omfb.com\/de\/schutzrechte-und-copyright\/\" \/>\n<meta property=\"og:site_name\" content=\"OMFB\" \/>\n<meta property=\"article:modified_time\" content=\"2026-03-03T11:14:40+00:00\" \/>\n<meta name=\"twitter:card\" content=\"summary_large_image\" \/>\n<meta name=\"twitter:label1\" content=\"Gesch\u00e4tzte Lesezeit\" \/>\n\t<meta name=\"twitter:data1\" content=\"3\u00a0Minuten\" \/>\n<script type=\"application\/ld+json\" class=\"yoast-schema-graph\">{\"@context\":\"https:\/\/schema.org\",\"@graph\":[{\"@type\":\"WebPage\",\"@id\":\"https:\/\/www.omfb.com\/de\/schutzrechte-und-copyright\/\",\"url\":\"https:\/\/www.omfb.com\/de\/schutzrechte-und-copyright\/\",\"name\":\"Schutzrechte und Copyright - OMFB\",\"isPartOf\":{\"@id\":\"https:\/\/www.omfb.com\/de\/#website\"},\"datePublished\":\"2026-02-19T13:23:14+00:00\",\"dateModified\":\"2026-03-03T11:14:40+00:00\",\"breadcrumb\":{\"@id\":\"https:\/\/www.omfb.com\/de\/schutzrechte-und-copyright\/#breadcrumb\"},\"inLanguage\":\"de\",\"potentialAction\":[{\"@type\":\"ReadAction\",\"target\":[\"https:\/\/www.omfb.com\/de\/schutzrechte-und-copyright\/\"]}]},{\"@type\":\"BreadcrumbList\",\"@id\":\"https:\/\/www.omfb.com\/de\/schutzrechte-und-copyright\/#breadcrumb\",\"itemListElement\":[{\"@type\":\"ListItem\",\"position\":1,\"name\":\"Home\",\"item\":\"https:\/\/www.omfb.com\/de\/home\/\"},{\"@type\":\"ListItem\",\"position\":2,\"name\":\"Schutzrechte und Copyright\"}]},{\"@type\":\"WebSite\",\"@id\":\"https:\/\/www.omfb.com\/de\/#website\",\"url\":\"https:\/\/www.omfb.com\/de\/\",\"name\":\"OMFB\",\"description\":\"Componenti idraulici\",\"potentialAction\":[{\"@type\":\"SearchAction\",\"target\":{\"@type\":\"EntryPoint\",\"urlTemplate\":\"https:\/\/www.omfb.com\/de\/?s={search_term_string}\"},\"query-input\":{\"@type\":\"PropertyValueSpecification\",\"valueRequired\":true,\"valueName\":\"search_term_string\"}}],\"inLanguage\":\"de\"}]}<\/script>\n<!-- \/ Yoast SEO plugin. -->","yoast_head_json":{"title":"Schutzrechte und Copyright - OMFB","robots":{"index":"index","follow":"follow","max-snippet":"max-snippet:-1","max-image-preview":"max-image-preview:large","max-video-preview":"max-video-preview:-1"},"canonical":"https:\/\/www.omfb.com\/de\/schutzrechte-und-copyright\/","og_locale":"de_DE","og_type":"article","og_title":"Schutzrechte und Copyright - OMFB","og_description":"HINWEISE Chiunque contatti questo sito (da qui in avanti denominato &#8222;Sito&#8220;) accetta le regole, i termini e le condizioni qui riportate (da qui in avanti denominate &#8222;Regole&#8220;) e quelle indicate nelle altre pagine del Sito. Qualora queste condizioni non fossero da Voi accettate siete pregati di abbandonare il Sito. Chiunque acceder\u00e0 alle altre pagine del &hellip; Continued","og_url":"https:\/\/www.omfb.com\/de\/schutzrechte-und-copyright\/","og_site_name":"OMFB","article_modified_time":"2026-03-03T11:14:40+00:00","twitter_card":"summary_large_image","twitter_misc":{"Gesch\u00e4tzte Lesezeit":"3\u00a0Minuten"},"schema":{"@context":"https:\/\/schema.org","@graph":[{"@type":"WebPage","@id":"https:\/\/www.omfb.com\/de\/schutzrechte-und-copyright\/","url":"https:\/\/www.omfb.com\/de\/schutzrechte-und-copyright\/","name":"Schutzrechte und Copyright - OMFB","isPartOf":{"@id":"https:\/\/www.omfb.com\/de\/#website"},"datePublished":"2026-02-19T13:23:14+00:00","dateModified":"2026-03-03T11:14:40+00:00","breadcrumb":{"@id":"https:\/\/www.omfb.com\/de\/schutzrechte-und-copyright\/#breadcrumb"},"inLanguage":"de","potentialAction":[{"@type":"ReadAction","target":["https:\/\/www.omfb.com\/de\/schutzrechte-und-copyright\/"]}]},{"@type":"BreadcrumbList","@id":"https:\/\/www.omfb.com\/de\/schutzrechte-und-copyright\/#breadcrumb","itemListElement":[{"@type":"ListItem","position":1,"name":"Home","item":"https:\/\/www.omfb.com\/de\/home\/"},{"@type":"ListItem","position":2,"name":"Schutzrechte und Copyright"}]},{"@type":"WebSite","@id":"https:\/\/www.omfb.com\/de\/#website","url":"https:\/\/www.omfb.com\/de\/","name":"OMFB","description":"Componenti idraulici","potentialAction":[{"@type":"SearchAction","target":{"@type":"EntryPoint","urlTemplate":"https:\/\/www.omfb.com\/de\/?s={search_term_string}"},"query-input":{"@type":"PropertyValueSpecification","valueRequired":true,"valueName":"search_term_string"}}],"inLanguage":"de"}]}},"_links":{"self":[{"href":"https:\/\/www.omfb.com\/de\/wp-json\/wp\/v2\/pages\/4572","targetHints":{"allow":["GET"]}}],"collection":[{"href":"https:\/\/www.omfb.com\/de\/wp-json\/wp\/v2\/pages"}],"about":[{"href":"https:\/\/www.omfb.com\/de\/wp-json\/wp\/v2\/types\/page"}],"author":[{"embeddable":true,"href":"https:\/\/www.omfb.com\/de\/wp-json\/wp\/v2\/users\/2"}],"replies":[{"embeddable":true,"href":"https:\/\/www.omfb.com\/de\/wp-json\/wp\/v2\/comments?post=4572"}],"version-history":[{"count":1,"href":"https:\/\/www.omfb.com\/de\/wp-json\/wp\/v2\/pages\/4572\/revisions"}],"predecessor-version":[{"id":4573,"href":"https:\/\/www.omfb.com\/de\/wp-json\/wp\/v2\/pages\/4572\/revisions\/4573"}],"wp:attachment":[{"href":"https:\/\/www.omfb.com\/de\/wp-json\/wp\/v2\/media?parent=4572"}],"curies":[{"name":"wp","href":"https:\/\/api.w.org\/{rel}","templated":true}]}}