{"id":4567,"date":"2026-02-19T14:30:33","date_gmt":"2026-02-19T13:30:33","guid":{"rendered":"https:\/\/omfb.dexanet.biz\/reklamationenabwicklung\/"},"modified":"2026-03-03T11:19:01","modified_gmt":"2026-03-03T10:19:01","slug":"reklamationenabwicklung","status":"publish","type":"page","link":"https:\/\/www.omfb.com\/de\/reklamationenabwicklung\/","title":{"rendered":"Reklamationenabwicklung"},"content":{"rendered":"\t\t<div data-elementor-type=\"wp-page\" data-elementor-id=\"4567\" class=\"elementor elementor-4567 elementor-3361\" data-elementor-post-type=\"page\">\n\t\t\t\t<div class=\"elementor-element elementor-element-7c47c81d section-page-title e-flex e-con-boxed e-con e-child\" data-id=\"7c47c81d\" data-element_type=\"container\" data-e-type=\"container\">\n\t\t\t\t\t<div class=\"e-con-inner\">\n\t\t\t\t<div class=\"elementor-element elementor-element-593f49ed elementor-invisible elementor-widget elementor-widget-breadcrumbs\" data-id=\"593f49ed\" data-element_type=\"widget\" data-e-type=\"widget\" data-settings=\"{&quot;_animation&quot;:&quot;fadeInUp&quot;}\" data-widget_type=\"breadcrumbs.default\">\n\t\t\t\t\t<p id=\"breadcrumbs\"><span><span><a href=\"https:\/\/www.omfb.com\/de\/home\/\">Home<\/a><\/span><\/span><\/p>\t\t\t\t<\/div>\n\t\t\t\t<div class=\"elementor-element elementor-element-6068b53c elementor-invisible elementor-widget elementor-widget-heading\" data-id=\"6068b53c\" data-element_type=\"widget\" data-e-type=\"widget\" data-settings=\"{&quot;_animation&quot;:&quot;fadeInUp&quot;}\" data-widget_type=\"heading.default\">\n\t\t\t\t\t<h1 class=\"elementor-heading-title elementor-size-default\">Reklamationenabwicklung<\/h1>\t\t\t\t<\/div>\n\t\t\t\t\t<\/div>\n\t\t\t\t<\/div>\n\t\t<div class=\"elementor-element elementor-element-bc0d7cd e-flex e-con-boxed e-con e-parent\" data-id=\"bc0d7cd\" data-element_type=\"container\" data-e-type=\"container\">\n\t\t\t\t\t<div class=\"e-con-inner\">\n\t\t\t\t<div class=\"elementor-element elementor-element-b594527 elementor-widget elementor-widget-text-editor\" data-id=\"b594527\" data-element_type=\"widget\" data-e-type=\"widget\" data-widget_type=\"text-editor.default\">\n\t\t\t\t\t\t\t\t\t<p>Sehr geehrter Kunde, wir m\u00f6chten Sie \u00fcber die korrekten Verfahren f\u00fcr die R\u00fccksendung von Material informieren, um die Prozesse zu optimieren, Missverst\u00e4ndnisse zu vermeiden und die Ausstellung von Gutschriften, falls erforderlich, zu beschleunigen.<\/p><p><strong>1.<\/strong> Vorabgenehmigung: Bevor Sie mit der R\u00fccksendung des Materials fortfahren, m\u00fcssen Sie die Genehmigung unseres Unternehmens einholen, indem Sie das Reklamationsformular Mod.95 A ausf\u00fcllen und per E-Mail an <a href=\"mailto:claims@omfb.it\">claims@omfb.it<\/a> sowie an den zust\u00e4ndigen Vertriebsmitarbeiter senden. <\/p>\t\t\t\t\t\t\t\t<\/div>\n\t\t\t\t\t<\/div>\n\t\t\t\t<\/div>\n\t\t<div class=\"elementor-element elementor-element-3a8621e e-flex e-con-boxed e-con e-parent\" data-id=\"3a8621e\" data-element_type=\"container\" data-e-type=\"container\">\n\t\t\t\t\t<div class=\"e-con-inner\">\n\t\t\t\t<div class=\"elementor-element elementor-element-3767d07e elementor-button-info elementor-align-justify elementor-invisible elementor-widget elementor-widget-button\" data-id=\"3767d07e\" data-element_type=\"widget\" data-e-type=\"widget\" data-settings=\"{&quot;_animation&quot;:&quot;fadeInUp&quot;}\" data-widget_type=\"button.default\">\n\t\t\t\t\t\t\t\t\t\t<a class=\"elementor-button elementor-button-link elementor-size-sm\" href=\"https:\/\/www.omfb.com\/wp-content\/uploads\/modulo_reclami_ita.doc\" target=\"_blank\">\n\t\t\t\t\t\t<span class=\"elementor-button-content-wrapper\">\n\t\t\t\t\t\t<span class=\"elementor-button-icon\">\n\t\t\t\t<svg aria-hidden=\"true\" class=\"e-font-icon-svg e-fas-download\" viewBox=\"0 0 512 512\" xmlns=\"http:\/\/www.w3.org\/2000\/svg\"><path d=\"M216 0h80c13.3 0 24 10.7 24 24v168h87.7c17.8 0 26.7 21.5 14.1 34.1L269.7 378.3c-7.5 7.5-19.8 7.5-27.3 0L90.1 226.1c-12.6-12.6-3.7-34.1 14.1-34.1H192V24c0-13.3 10.7-24 24-24zm296 376v112c0 13.3-10.7 24-24 24H24c-13.3 0-24-10.7-24-24V376c0-13.3 10.7-24 24-24h146.7l49 49c20.1 20.1 52.5 20.1 72.6 0l49-49H488c13.3 0 24 10.7 24 24zm-124 88c0-11-9-20-20-20s-20 9-20 20 9 20 20 20 20-9 20-20zm64 0c0-11-9-20-20-20s-20 9-20 20 9 20 20 20 20-9 20-20z\"><\/path><\/svg>\t\t\t<\/span>\n\t\t\t\t\t\t\t\t\t<span class=\"elementor-button-text\">Laden Sie das R\u00fccksendeformular M.95 A herunter. <\/span>\n\t\t\t\t\t<\/span>\n\t\t\t\t\t<\/a>\n\t\t\t\t\t\t\t\t<\/div>\n\t\t\t\t\t<\/div>\n\t\t\t\t<\/div>\n\t\t<div class=\"elementor-element elementor-element-c949609 e-flex e-con-boxed e-con e-parent\" data-id=\"c949609\" data-element_type=\"container\" data-e-type=\"container\">\n\t\t\t\t\t<div class=\"e-con-inner\">\n\t\t\t\t<div class=\"elementor-element elementor-element-4869693 elementor-widget elementor-widget-text-editor\" data-id=\"4869693\" data-element_type=\"widget\" data-e-type=\"widget\" data-widget_type=\"text-editor.default\">\n\t\t\t\t\t\t\t\t\t<p>Sobald Sie die R\u00fccksendegenehmigung erhalten haben, erhalten Sie vom zust\u00e4ndigen Vertriebsmitarbeiter eine RSC-Aktennummer. Diese Aktennummer muss in der E-Mail-Kommunikation mit unserem Unternehmen verwendet und auf den R\u00fccksendedokumenten (R\u00fccksendeschein) angegeben werden. <\/p><p>Bitte versenden Sie das Material nicht ohne unsere vorherige Zustimmung, da das Unternehmen sich andernfalls das Recht vorbeh\u00e4lt, solche Sendungen auf Kosten des Kunden an den Absender zur\u00fcckzusenden.<\/p><p><strong>2.<\/strong> Versandbedingungen: Das Material muss frachtfrei zur\u00fcckgesandt werden. Geben Sie auf dem R\u00fccksendeschein die von unserem Unternehmen mitgeteilte RSC-Aktennummer an.  <\/p><p><strong>3.<\/strong> Informationen zur R\u00fccksendung: Um die Analyse zu erleichtern und den Vorgang schneller abzuschlie\u00dfen, ist es wichtig, dass das R\u00fccksendeformular Mod.95 A so viele Informationen wie m\u00f6glich enth\u00e4lt, insbesondere in Bezug auf die R\u00fcckverfolgbarkeit des Produkts (Kennzeichnung\/Identifizierung), die Nutzungsbedingungen, die Beschreibung des festgestellten Problems usw. <\/p><p><strong>4.<\/strong> Zustand des Materials: Das nicht konforme, bereits gebrauchte Produkt muss gereinigt und ordnungsgem\u00e4\u00df gewaschen werden, um eine angemessene Inspektion und \u00dcberpr\u00fcfung zu erm\u00f6glichen. Das Produkt darf in keinem Teil zerlegt werden, da sonst die Garantie erlischt. <\/p><p>Die Einhaltung dieser einfachen, aber wichtigen Richtlinien tr\u00e4gt dazu bei, den Prozess der Retourenabwicklung effizienter und schneller zu gestalten, was sich in einer erheblichen Verk\u00fcrzung der Bearbeitungszeiten niederschl\u00e4gt.<\/p>\t\t\t\t\t\t\t\t<\/div>\n\t\t\t\t\t<\/div>\n\t\t\t\t<\/div>\n\t\t\t\t<\/div>\n\t\t","protected":false},"excerpt":{"rendered":"<p>Sehr geehrter Kunde, wir m\u00f6chten Sie \u00fcber die korrekten Verfahren f\u00fcr die R\u00fccksendung von Material informieren, um die Prozesse zu optimieren, Missverst\u00e4ndnisse zu vermeiden und die Ausstellung von Gutschriften, falls erforderlich, zu beschleunigen. 1. Vorabgenehmigung: Bevor Sie mit der R\u00fccksendung des Materials fortfahren, m\u00fcssen Sie die Genehmigung unseres Unternehmens einholen, indem Sie das Reklamationsformular Mod.95 &hellip; <a href=\"https:\/\/www.omfb.com\/de\/reklamationenabwicklung\/\">Continued<\/a><\/p>\n","protected":false},"author":2,"featured_media":0,"parent":0,"menu_order":0,"comment_status":"closed","ping_status":"closed","template":"","meta":{"_acf_changed":false,"footnotes":""},"class_list":["post-4567","page","type-page","status-publish","hentry"],"acf":[],"yoast_head":"<!-- This site is optimized with the Yoast SEO plugin v26.9 - https:\/\/yoast.com\/product\/yoast-seo-wordpress\/ -->\n<title>Reklamationenabwicklung - OMFB<\/title>\n<meta name=\"robots\" content=\"index, follow, max-snippet:-1, max-image-preview:large, max-video-preview:-1\" \/>\n<link rel=\"canonical\" href=\"https:\/\/www.omfb.com\/de\/reklamationenabwicklung\/\" \/>\n<meta property=\"og:locale\" content=\"de_DE\" \/>\n<meta property=\"og:type\" content=\"article\" \/>\n<meta property=\"og:title\" content=\"Reklamationenabwicklung - OMFB\" \/>\n<meta property=\"og:description\" content=\"Sehr geehrter Kunde, wir m\u00f6chten Sie \u00fcber die korrekten Verfahren f\u00fcr die R\u00fccksendung von Material informieren, um die Prozesse zu optimieren, Missverst\u00e4ndnisse zu vermeiden und die Ausstellung von Gutschriften, falls erforderlich, zu beschleunigen. 1. Vorabgenehmigung: Bevor Sie mit der R\u00fccksendung des Materials fortfahren, m\u00fcssen Sie die Genehmigung unseres Unternehmens einholen, indem Sie das Reklamationsformular Mod.95 &hellip; Continued\" \/>\n<meta property=\"og:url\" content=\"https:\/\/www.omfb.com\/de\/reklamationenabwicklung\/\" \/>\n<meta property=\"og:site_name\" content=\"OMFB\" \/>\n<meta property=\"article:modified_time\" content=\"2026-03-03T10:19:01+00:00\" \/>\n<meta name=\"twitter:card\" content=\"summary_large_image\" \/>\n<meta name=\"twitter:label1\" content=\"Gesch\u00e4tzte Lesezeit\" \/>\n\t<meta name=\"twitter:data1\" content=\"1\u00a0Minute\" \/>\n<script type=\"application\/ld+json\" class=\"yoast-schema-graph\">{\"@context\":\"https:\/\/schema.org\",\"@graph\":[{\"@type\":\"WebPage\",\"@id\":\"https:\/\/www.omfb.com\/de\/reklamationenabwicklung\/\",\"url\":\"https:\/\/www.omfb.com\/de\/reklamationenabwicklung\/\",\"name\":\"Reklamationenabwicklung - OMFB\",\"isPartOf\":{\"@id\":\"https:\/\/www.omfb.com\/de\/#website\"},\"datePublished\":\"2026-02-19T13:30:33+00:00\",\"dateModified\":\"2026-03-03T10:19:01+00:00\",\"breadcrumb\":{\"@id\":\"https:\/\/www.omfb.com\/de\/reklamationenabwicklung\/#breadcrumb\"},\"inLanguage\":\"de\",\"potentialAction\":[{\"@type\":\"ReadAction\",\"target\":[\"https:\/\/www.omfb.com\/de\/reklamationenabwicklung\/\"]}]},{\"@type\":\"BreadcrumbList\",\"@id\":\"https:\/\/www.omfb.com\/de\/reklamationenabwicklung\/#breadcrumb\",\"itemListElement\":[{\"@type\":\"ListItem\",\"position\":1,\"name\":\"Home\",\"item\":\"https:\/\/www.omfb.com\/de\/home\/\"},{\"@type\":\"ListItem\",\"position\":2,\"name\":\"Reklamationenabwicklung\"}]},{\"@type\":\"WebSite\",\"@id\":\"https:\/\/www.omfb.com\/de\/#website\",\"url\":\"https:\/\/www.omfb.com\/de\/\",\"name\":\"OMFB\",\"description\":\"Componenti idraulici\",\"potentialAction\":[{\"@type\":\"SearchAction\",\"target\":{\"@type\":\"EntryPoint\",\"urlTemplate\":\"https:\/\/www.omfb.com\/de\/?s={search_term_string}\"},\"query-input\":{\"@type\":\"PropertyValueSpecification\",\"valueRequired\":true,\"valueName\":\"search_term_string\"}}],\"inLanguage\":\"de\"}]}<\/script>\n<!-- \/ Yoast SEO plugin. -->","yoast_head_json":{"title":"Reklamationenabwicklung - OMFB","robots":{"index":"index","follow":"follow","max-snippet":"max-snippet:-1","max-image-preview":"max-image-preview:large","max-video-preview":"max-video-preview:-1"},"canonical":"https:\/\/www.omfb.com\/de\/reklamationenabwicklung\/","og_locale":"de_DE","og_type":"article","og_title":"Reklamationenabwicklung - OMFB","og_description":"Sehr geehrter Kunde, wir m\u00f6chten Sie \u00fcber die korrekten Verfahren f\u00fcr die R\u00fccksendung von Material informieren, um die Prozesse zu optimieren, Missverst\u00e4ndnisse zu vermeiden und die Ausstellung von Gutschriften, falls erforderlich, zu beschleunigen. 1. Vorabgenehmigung: Bevor Sie mit der R\u00fccksendung des Materials fortfahren, m\u00fcssen Sie die Genehmigung unseres Unternehmens einholen, indem Sie das Reklamationsformular Mod.95 &hellip; Continued","og_url":"https:\/\/www.omfb.com\/de\/reklamationenabwicklung\/","og_site_name":"OMFB","article_modified_time":"2026-03-03T10:19:01+00:00","twitter_card":"summary_large_image","twitter_misc":{"Gesch\u00e4tzte Lesezeit":"1\u00a0Minute"},"schema":{"@context":"https:\/\/schema.org","@graph":[{"@type":"WebPage","@id":"https:\/\/www.omfb.com\/de\/reklamationenabwicklung\/","url":"https:\/\/www.omfb.com\/de\/reklamationenabwicklung\/","name":"Reklamationenabwicklung - OMFB","isPartOf":{"@id":"https:\/\/www.omfb.com\/de\/#website"},"datePublished":"2026-02-19T13:30:33+00:00","dateModified":"2026-03-03T10:19:01+00:00","breadcrumb":{"@id":"https:\/\/www.omfb.com\/de\/reklamationenabwicklung\/#breadcrumb"},"inLanguage":"de","potentialAction":[{"@type":"ReadAction","target":["https:\/\/www.omfb.com\/de\/reklamationenabwicklung\/"]}]},{"@type":"BreadcrumbList","@id":"https:\/\/www.omfb.com\/de\/reklamationenabwicklung\/#breadcrumb","itemListElement":[{"@type":"ListItem","position":1,"name":"Home","item":"https:\/\/www.omfb.com\/de\/home\/"},{"@type":"ListItem","position":2,"name":"Reklamationenabwicklung"}]},{"@type":"WebSite","@id":"https:\/\/www.omfb.com\/de\/#website","url":"https:\/\/www.omfb.com\/de\/","name":"OMFB","description":"Componenti idraulici","potentialAction":[{"@type":"SearchAction","target":{"@type":"EntryPoint","urlTemplate":"https:\/\/www.omfb.com\/de\/?s={search_term_string}"},"query-input":{"@type":"PropertyValueSpecification","valueRequired":true,"valueName":"search_term_string"}}],"inLanguage":"de"}]}},"_links":{"self":[{"href":"https:\/\/www.omfb.com\/de\/wp-json\/wp\/v2\/pages\/4567","targetHints":{"allow":["GET"]}}],"collection":[{"href":"https:\/\/www.omfb.com\/de\/wp-json\/wp\/v2\/pages"}],"about":[{"href":"https:\/\/www.omfb.com\/de\/wp-json\/wp\/v2\/types\/page"}],"author":[{"embeddable":true,"href":"https:\/\/www.omfb.com\/de\/wp-json\/wp\/v2\/users\/2"}],"replies":[{"embeddable":true,"href":"https:\/\/www.omfb.com\/de\/wp-json\/wp\/v2\/comments?post=4567"}],"version-history":[{"count":1,"href":"https:\/\/www.omfb.com\/de\/wp-json\/wp\/v2\/pages\/4567\/revisions"}],"predecessor-version":[{"id":4568,"href":"https:\/\/www.omfb.com\/de\/wp-json\/wp\/v2\/pages\/4567\/revisions\/4568"}],"wp:attachment":[{"href":"https:\/\/www.omfb.com\/de\/wp-json\/wp\/v2\/media?parent=4567"}],"curies":[{"name":"wp","href":"https:\/\/api.w.org\/{rel}","templated":true}]}}